{"id":1045,"date":"2023-11-18T19:59:29","date_gmt":"2023-11-18T18:59:29","guid":{"rendered":"https:\/\/paroisseherblay.fr\/?page_id=1045"},"modified":"2023-11-26T09:56:35","modified_gmt":"2023-11-26T08:56:35","slug":"ajouter-une-feuille-de-messe","status":"publish","type":"page","link":"https:\/\/paroisseherblay.fr\/index.php\/documentation-du-site\/ajouter-une-feuille-de-messe\/","title":{"rendered":"Ajouter un feuillet de Messe"},"content":{"rendered":"\n<ul class=\"wp-block-list\">\n<li>T\u00e9l\u00e9charger la feuille de Messe (Depuis Whatsapp Web, ou une autre source)<br><\/li>\n\n\n\n<li>Ajouter la feuille au media du site:<\/li>\n<\/ul>\n\n\n\n<div class=\"wp-block-columns is-layout-flex wp-container-core-columns-is-layout-9d6595d7 wp-block-columns-is-layout-flex\">\n<div class=\"wp-block-column is-layout-flow wp-block-column-is-layout-flow\">\n<p> <\/p>\n\n\n\n<blockquote class=\"wp-block-quote is-layout-flow wp-block-quote-is-layout-flow\">\n<ul class=\"wp-block-list\">\n<li>Medias<\/li>\n\n\n\n<li>S\u00e9lectionner le dossier de l&rsquo;ann\u00e9e dans celui des feuillets<\/li>\n\n\n\n<li>Ajouter un fichier m\u00e9dia<\/li>\n\n\n\n<li>S\u00e9lectionner le fichier t\u00e9l\u00e9charger pr\u00e9c\u00e9demment<\/li>\n<\/ul>\n<\/blockquote>\n<\/div>\n\n\n\n<div class=\"wp-block-column is-layout-flow wp-block-column-is-layout-flow\">\n<figure class=\"wp-block-image size-full has-custom-border\"><img loading=\"lazy\" decoding=\"async\" width=\"961\" height=\"527\" src=\"https:\/\/paroisseherblay.fr\/wp-content\/uploads\/2023\/11\/docAjoutFeuillet.png\" alt=\"\" class=\"has-border-color has-border-border-color wp-image-1284\" style=\"border-width:1px;border-radius:10px;object-fit:cover\" srcset=\"https:\/\/paroisseherblay.fr\/wp-content\/uploads\/2023\/11\/docAjoutFeuillet.png 961w, https:\/\/paroisseherblay.fr\/wp-content\/uploads\/2023\/11\/docAjoutFeuillet-300x165.png 300w, https:\/\/paroisseherblay.fr\/wp-content\/uploads\/2023\/11\/docAjoutFeuillet-768x421.png 768w\" sizes=\"auto, (max-width: 961px) 100vw, 961px\" \/><\/figure>\n<\/div>\n<\/div>\n\n\n\n<ul class=\"wp-block-list\">\n<li>Ajouter un nouvel article:<\/li>\n<\/ul>\n\n\n\n<div class=\"wp-block-columns is-layout-flex wp-container-core-columns-is-layout-9d6595d7 wp-block-columns-is-layout-flex\">\n<div class=\"wp-block-column is-layout-flow wp-block-column-is-layout-flow\">\n<blockquote class=\"wp-block-quote is-layout-flow wp-block-quote-is-layout-flow\">\n<ul class=\"wp-block-list\">\n<li>Articles &gt; Ajouter un article<br><\/li>\n\n\n\n<li>Dans le menu a droite retirer la cat\u00e9gorie \u00ab\u00a0non class\u00e9\u00a0\u00bb<\/li>\n\n\n\n<li>Cocher la categorie \u00ab\u00a0Feuillets\u00a0\u00bb<\/li>\n\n\n\n<li>D\u00e9cocher \u00ab\u00a0Autoriser les commentaires\u00a0\u00bb<br><\/li>\n\n\n\n<li>Saisir le titre sous la forme \u00ab\u00a0Feuille de messe \u2013 N\u00b0 Jour mois ann\u00e9e\u00a0\u00bb (ex: Feuille de messe \u2013 29 octobre 2023)<\/li>\n\n\n\n<li>Ajouter un bloc paragraphe<\/li>\n\n\n\n<li>Saisir le d\u00e9tail de la date (ex: 33\u00e8me Dimanche du temps ordinaire)<br><\/li>\n\n\n\n<li>Ajouter un bloc fichier<\/li>\n\n\n\n<li>M\u00e9diath\u00e8que<\/li>\n\n\n\n<li>S\u00e9lectionner le fichier ajouter pr\u00e9c\u00e9demment<br><\/li>\n\n\n\n<li>Publier<\/li>\n<\/ul>\n<\/blockquote>\n<\/div>\n\n\n\n<div class=\"wp-block-column is-layout-flow wp-block-column-is-layout-flow\">\n<figure class=\"wp-block-image size-large has-custom-border\"><img loading=\"lazy\" decoding=\"async\" width=\"1024\" height=\"610\" src=\"https:\/\/paroisseherblay.fr\/wp-content\/uploads\/2023\/11\/docAjoutFeuillet2-1024x610.png\" alt=\"\" class=\"has-border-color has-border-border-color wp-image-1294\" style=\"border-width:1px;border-radius:10px;object-fit:cover\" srcset=\"https:\/\/paroisseherblay.fr\/wp-content\/uploads\/2023\/11\/docAjoutFeuillet2-1024x610.png 1024w, https:\/\/paroisseherblay.fr\/wp-content\/uploads\/2023\/11\/docAjoutFeuillet2-300x179.png 300w, https:\/\/paroisseherblay.fr\/wp-content\/uploads\/2023\/11\/docAjoutFeuillet2-768x457.png 768w, https:\/\/paroisseherblay.fr\/wp-content\/uploads\/2023\/11\/docAjoutFeuillet2.png 1051w\" sizes=\"auto, (max-width: 1024px) 100vw, 1024px\" \/><\/figure>\n<\/div>\n<\/div>\n\n\n\n<ul class=\"wp-block-list\">\n<li>Ajouter une image en avant:<\/li>\n<\/ul>\n\n\n\n<div class=\"wp-block-columns is-layout-flex wp-container-core-columns-is-layout-9d6595d7 wp-block-columns-is-layout-flex\">\n<div class=\"wp-block-column is-layout-flow wp-block-column-is-layout-flow\">\n<blockquote class=\"wp-block-quote is-layout-flow wp-block-quote-is-layout-flow\">\n<ul class=\"wp-block-list\">\n<li>Allez sur l&rsquo;article publi\u00e9<br>(Archives&gt;Feuillets&gt;Cliquer sur l&rsquo;article)<\/li>\n\n\n\n<li>Faire une capture d&rsquo;\u00e9cran de l&rsquo;ent\u00eate du fichier<br>(Voir cadrage en exemple)<\/li>\n\n\n\n<li>Sauvegarder la capture sous le nom \u00ab\u00a0feuillet_JourMoisAnn\u00e9e\u00a0\u00bb(ex: feuillet_291023)<\/li>\n\n\n\n<li>Ajouter l&rsquo;image au media dans le r\u00e9pertoire de l&rsquo;ann\u00e9e correspondante des feuillets<\/li>\n<\/ul>\n\n\n\n<ul class=\"wp-block-list\">\n<li>Modifier l&rsquo;article (Articles&gt;clique sur l&rsquo;article \u00e0 modifier)<\/li>\n\n\n\n<li>Cliquer sur \u00ab\u00a0d\u00e9finir l&rsquo;image mise en avant\u00a0\u00bb dans le menu \u00e0 droite<\/li>\n\n\n\n<li>S\u00e9lectionner l&rsquo;image ajout\u00e9e pr\u00e9c\u00e9demment<\/li>\n\n\n\n<li>Mettre \u00e0 jour l&rsquo;article (Publier)<\/li>\n<\/ul>\n<\/blockquote>\n<\/div>\n\n\n\n<div class=\"wp-block-column is-layout-flow wp-block-column-is-layout-flow\">\n<p> <\/p>\n\n\n\n<figure class=\"wp-block-image size-full has-custom-border\"><img loading=\"lazy\" decoding=\"async\" width=\"792\" height=\"515\" src=\"https:\/\/paroisseherblay.fr\/wp-content\/uploads\/2023\/11\/docAjoutFeuillet3.png\" alt=\"\" class=\"has-border-color has-border-border-color wp-image-1301\" style=\"border-width:1px;border-radius:10px\" srcset=\"https:\/\/paroisseherblay.fr\/wp-content\/uploads\/2023\/11\/docAjoutFeuillet3.png 792w, https:\/\/paroisseherblay.fr\/wp-content\/uploads\/2023\/11\/docAjoutFeuillet3-300x195.png 300w, https:\/\/paroisseherblay.fr\/wp-content\/uploads\/2023\/11\/docAjoutFeuillet3-768x499.png 768w\" sizes=\"auto, (max-width: 792px) 100vw, 792px\" \/><\/figure>\n<\/div>\n<\/div>\n\n\n\n<p> <\/p>\n\n\n\n<figure class=\"wp-block-image size-full has-custom-border\"><img loading=\"lazy\" decoding=\"async\" width=\"873\" height=\"371\" src=\"https:\/\/paroisseherblay.fr\/wp-content\/uploads\/2023\/11\/Capture-decran-2023-11-01-143231.png\" alt=\"\" class=\"has-border-color has-border-border-color wp-image-626\" style=\"border-width:1px;border-radius:10px\" srcset=\"https:\/\/paroisseherblay.fr\/wp-content\/uploads\/2023\/11\/Capture-decran-2023-11-01-143231.png 873w, https:\/\/paroisseherblay.fr\/wp-content\/uploads\/2023\/11\/Capture-decran-2023-11-01-143231-300x127.png 300w, https:\/\/paroisseherblay.fr\/wp-content\/uploads\/2023\/11\/Capture-decran-2023-11-01-143231-768x326.png 768w\" sizes=\"auto, (max-width: 873px) 100vw, 873px\" \/><\/figure>\n\n\n\n<p><em>Exemple de cadrage pour l&rsquo;image mise en avant<\/em><\/p>\n","protected":false},"excerpt":{"rendered":"<p>Exemple de cadrage pour l&rsquo;image mise en avant<\/p>\n","protected":false},"author":1,"featured_media":0,"parent":753,"menu_order":0,"comment_status":"closed","ping_status":"closed","template":"","meta":{"footnotes":""},"class_list":["post-1045","page","type-page","status-publish","hentry","no-post-thumbnail"],"yoast_head":"<!-- This site is optimized with the Yoast SEO plugin v27.4 - https:\/\/yoast.com\/product\/yoast-seo-wordpress\/ -->\n<title>Ajouter un feuillet de Messe - Paroisse d&#039;Herblay-sur-Seine<\/title>\n<meta name=\"robots\" content=\"index, follow, max-snippet:-1, max-image-preview:large, max-video-preview:-1\" \/>\n<link rel=\"canonical\" href=\"https:\/\/paroisseherblay.fr\/index.php\/documentation-du-site\/ajouter-une-feuille-de-messe\/\" \/>\n<meta property=\"og:locale\" content=\"fr_FR\" \/>\n<meta property=\"og:type\" content=\"article\" \/>\n<meta property=\"og:title\" content=\"Ajouter un feuillet de Messe - Paroisse d&#039;Herblay-sur-Seine\" \/>\n<meta property=\"og:description\" content=\"Exemple de cadrage pour l&rsquo;image mise en avant\" \/>\n<meta property=\"og:url\" content=\"https:\/\/paroisseherblay.fr\/index.php\/documentation-du-site\/ajouter-une-feuille-de-messe\/\" \/>\n<meta property=\"og:site_name\" content=\"Paroisse d&#039;Herblay-sur-Seine\" \/>\n<meta property=\"article:publisher\" content=\"https:\/\/www.facebook.com\/paroisse.dherblay\" \/>\n<meta property=\"article:modified_time\" content=\"2023-11-26T08:56:35+00:00\" \/>\n<meta property=\"og:image\" content=\"https:\/\/paroisseherblay.fr\/wp-content\/uploads\/2023\/11\/docAjoutFeuillet.png\" \/>\n<meta name=\"twitter:card\" content=\"summary_large_image\" \/>\n<meta name=\"twitter:label1\" content=\"Dur\u00e9e de lecture estim\u00e9e\" \/>\n\t<meta name=\"twitter:data1\" content=\"1 minute\" \/>\n<script type=\"application\/ld+json\" class=\"yoast-schema-graph\">{\"@context\":\"https:\\\/\\\/schema.org\",\"@graph\":[{\"@type\":\"WebPage\",\"@id\":\"https:\\\/\\\/paroisseherblay.fr\\\/index.php\\\/documentation-du-site\\\/ajouter-une-feuille-de-messe\\\/\",\"url\":\"https:\\\/\\\/paroisseherblay.fr\\\/index.php\\\/documentation-du-site\\\/ajouter-une-feuille-de-messe\\\/\",\"name\":\"Ajouter un feuillet de Messe - Paroisse d&#039;Herblay-sur-Seine\",\"isPartOf\":{\"@id\":\"https:\\\/\\\/paroisseherblay.fr\\\/#website\"},\"primaryImageOfPage\":{\"@id\":\"https:\\\/\\\/paroisseherblay.fr\\\/index.php\\\/documentation-du-site\\\/ajouter-une-feuille-de-messe\\\/#primaryimage\"},\"image\":{\"@id\":\"https:\\\/\\\/paroisseherblay.fr\\\/index.php\\\/documentation-du-site\\\/ajouter-une-feuille-de-messe\\\/#primaryimage\"},\"thumbnailUrl\":\"https:\\\/\\\/paroisseherblay.fr\\\/wp-content\\\/uploads\\\/2023\\\/11\\\/docAjoutFeuillet.png\",\"datePublished\":\"2023-11-18T18:59:29+00:00\",\"dateModified\":\"2023-11-26T08:56:35+00:00\",\"breadcrumb\":{\"@id\":\"https:\\\/\\\/paroisseherblay.fr\\\/index.php\\\/documentation-du-site\\\/ajouter-une-feuille-de-messe\\\/#breadcrumb\"},\"inLanguage\":\"fr-FR\",\"potentialAction\":[{\"@type\":\"ReadAction\",\"target\":[\"https:\\\/\\\/paroisseherblay.fr\\\/index.php\\\/documentation-du-site\\\/ajouter-une-feuille-de-messe\\\/\"]}]},{\"@type\":\"ImageObject\",\"inLanguage\":\"fr-FR\",\"@id\":\"https:\\\/\\\/paroisseherblay.fr\\\/index.php\\\/documentation-du-site\\\/ajouter-une-feuille-de-messe\\\/#primaryimage\",\"url\":\"https:\\\/\\\/paroisseherblay.fr\\\/wp-content\\\/uploads\\\/2023\\\/11\\\/docAjoutFeuillet.png\",\"contentUrl\":\"https:\\\/\\\/paroisseherblay.fr\\\/wp-content\\\/uploads\\\/2023\\\/11\\\/docAjoutFeuillet.png\",\"width\":961,\"height\":527},{\"@type\":\"BreadcrumbList\",\"@id\":\"https:\\\/\\\/paroisseherblay.fr\\\/index.php\\\/documentation-du-site\\\/ajouter-une-feuille-de-messe\\\/#breadcrumb\",\"itemListElement\":[{\"@type\":\"ListItem\",\"position\":1,\"name\":\"Home\",\"item\":\"https:\\\/\\\/paroisseherblay.fr\\\/\"},{\"@type\":\"ListItem\",\"position\":2,\"name\":\"Documentation du site\",\"item\":\"https:\\\/\\\/paroisseherblay.fr\\\/index.php\\\/documentation-du-site\\\/\"},{\"@type\":\"ListItem\",\"position\":3,\"name\":\"Ajouter un feuillet de Messe\"}]},{\"@type\":\"WebSite\",\"@id\":\"https:\\\/\\\/paroisseherblay.fr\\\/#website\",\"url\":\"https:\\\/\\\/paroisseherblay.fr\\\/\",\"name\":\"Paroisse d'Herblay\",\"description\":\"\",\"publisher\":{\"@id\":\"https:\\\/\\\/paroisseherblay.fr\\\/#organization\"},\"alternateName\":\"ParoisseHerblay\",\"potentialAction\":[{\"@type\":\"SearchAction\",\"target\":{\"@type\":\"EntryPoint\",\"urlTemplate\":\"https:\\\/\\\/paroisseherblay.fr\\\/?s={search_term_string}\"},\"query-input\":{\"@type\":\"PropertyValueSpecification\",\"valueRequired\":true,\"valueName\":\"search_term_string\"}}],\"inLanguage\":\"fr-FR\"},{\"@type\":\"Organization\",\"@id\":\"https:\\\/\\\/paroisseherblay.fr\\\/#organization\",\"name\":\"Paroisse d'Herblay\",\"url\":\"https:\\\/\\\/paroisseherblay.fr\\\/\",\"logo\":{\"@type\":\"ImageObject\",\"inLanguage\":\"fr-FR\",\"@id\":\"https:\\\/\\\/paroisseherblay.fr\\\/#\\\/schema\\\/logo\\\/image\\\/\",\"url\":\"https:\\\/\\\/paroisseherblay.fr\\\/wp-content\\\/uploads\\\/2023\\\/10\\\/logo_paroisse.png\",\"contentUrl\":\"https:\\\/\\\/paroisseherblay.fr\\\/wp-content\\\/uploads\\\/2023\\\/10\\\/logo_paroisse.png\",\"width\":200,\"height\":207,\"caption\":\"Paroisse d'Herblay\"},\"image\":{\"@id\":\"https:\\\/\\\/paroisseherblay.fr\\\/#\\\/schema\\\/logo\\\/image\\\/\"},\"sameAs\":[\"https:\\\/\\\/www.facebook.com\\\/paroisse.dherblay\",\"https:\\\/\\\/www.youtube.com\\\/@paroisseherblay\",\"https:\\\/\\\/www.instagram.com\\\/paroisse.herblay\"]}]}<\/script>\n<!-- \/ Yoast SEO plugin. -->","yoast_head_json":{"title":"Ajouter un feuillet de Messe - Paroisse d&#039;Herblay-sur-Seine","robots":{"index":"index","follow":"follow","max-snippet":"max-snippet:-1","max-image-preview":"max-image-preview:large","max-video-preview":"max-video-preview:-1"},"canonical":"https:\/\/paroisseherblay.fr\/index.php\/documentation-du-site\/ajouter-une-feuille-de-messe\/","og_locale":"fr_FR","og_type":"article","og_title":"Ajouter un feuillet de Messe - Paroisse d&#039;Herblay-sur-Seine","og_description":"Exemple de cadrage pour l&rsquo;image mise en avant","og_url":"https:\/\/paroisseherblay.fr\/index.php\/documentation-du-site\/ajouter-une-feuille-de-messe\/","og_site_name":"Paroisse d&#039;Herblay-sur-Seine","article_publisher":"https:\/\/www.facebook.com\/paroisse.dherblay","article_modified_time":"2023-11-26T08:56:35+00:00","og_image":[{"url":"https:\/\/paroisseherblay.fr\/wp-content\/uploads\/2023\/11\/docAjoutFeuillet.png","type":"","width":"","height":""}],"twitter_card":"summary_large_image","twitter_misc":{"Dur\u00e9e de lecture estim\u00e9e":"1 minute"},"schema":{"@context":"https:\/\/schema.org","@graph":[{"@type":"WebPage","@id":"https:\/\/paroisseherblay.fr\/index.php\/documentation-du-site\/ajouter-une-feuille-de-messe\/","url":"https:\/\/paroisseherblay.fr\/index.php\/documentation-du-site\/ajouter-une-feuille-de-messe\/","name":"Ajouter un feuillet de Messe - Paroisse d&#039;Herblay-sur-Seine","isPartOf":{"@id":"https:\/\/paroisseherblay.fr\/#website"},"primaryImageOfPage":{"@id":"https:\/\/paroisseherblay.fr\/index.php\/documentation-du-site\/ajouter-une-feuille-de-messe\/#primaryimage"},"image":{"@id":"https:\/\/paroisseherblay.fr\/index.php\/documentation-du-site\/ajouter-une-feuille-de-messe\/#primaryimage"},"thumbnailUrl":"https:\/\/paroisseherblay.fr\/wp-content\/uploads\/2023\/11\/docAjoutFeuillet.png","datePublished":"2023-11-18T18:59:29+00:00","dateModified":"2023-11-26T08:56:35+00:00","breadcrumb":{"@id":"https:\/\/paroisseherblay.fr\/index.php\/documentation-du-site\/ajouter-une-feuille-de-messe\/#breadcrumb"},"inLanguage":"fr-FR","potentialAction":[{"@type":"ReadAction","target":["https:\/\/paroisseherblay.fr\/index.php\/documentation-du-site\/ajouter-une-feuille-de-messe\/"]}]},{"@type":"ImageObject","inLanguage":"fr-FR","@id":"https:\/\/paroisseherblay.fr\/index.php\/documentation-du-site\/ajouter-une-feuille-de-messe\/#primaryimage","url":"https:\/\/paroisseherblay.fr\/wp-content\/uploads\/2023\/11\/docAjoutFeuillet.png","contentUrl":"https:\/\/paroisseherblay.fr\/wp-content\/uploads\/2023\/11\/docAjoutFeuillet.png","width":961,"height":527},{"@type":"BreadcrumbList","@id":"https:\/\/paroisseherblay.fr\/index.php\/documentation-du-site\/ajouter-une-feuille-de-messe\/#breadcrumb","itemListElement":[{"@type":"ListItem","position":1,"name":"Home","item":"https:\/\/paroisseherblay.fr\/"},{"@type":"ListItem","position":2,"name":"Documentation du site","item":"https:\/\/paroisseherblay.fr\/index.php\/documentation-du-site\/"},{"@type":"ListItem","position":3,"name":"Ajouter un feuillet de Messe"}]},{"@type":"WebSite","@id":"https:\/\/paroisseherblay.fr\/#website","url":"https:\/\/paroisseherblay.fr\/","name":"Paroisse d'Herblay","description":"","publisher":{"@id":"https:\/\/paroisseherblay.fr\/#organization"},"alternateName":"ParoisseHerblay","potentialAction":[{"@type":"SearchAction","target":{"@type":"EntryPoint","urlTemplate":"https:\/\/paroisseherblay.fr\/?s={search_term_string}"},"query-input":{"@type":"PropertyValueSpecification","valueRequired":true,"valueName":"search_term_string"}}],"inLanguage":"fr-FR"},{"@type":"Organization","@id":"https:\/\/paroisseherblay.fr\/#organization","name":"Paroisse d'Herblay","url":"https:\/\/paroisseherblay.fr\/","logo":{"@type":"ImageObject","inLanguage":"fr-FR","@id":"https:\/\/paroisseherblay.fr\/#\/schema\/logo\/image\/","url":"https:\/\/paroisseherblay.fr\/wp-content\/uploads\/2023\/10\/logo_paroisse.png","contentUrl":"https:\/\/paroisseherblay.fr\/wp-content\/uploads\/2023\/10\/logo_paroisse.png","width":200,"height":207,"caption":"Paroisse d'Herblay"},"image":{"@id":"https:\/\/paroisseherblay.fr\/#\/schema\/logo\/image\/"},"sameAs":["https:\/\/www.facebook.com\/paroisse.dherblay","https:\/\/www.youtube.com\/@paroisseherblay","https:\/\/www.instagram.com\/paroisse.herblay"]}]}},"_links":{"self":[{"href":"https:\/\/paroisseherblay.fr\/index.php\/wp-json\/wp\/v2\/pages\/1045","targetHints":{"allow":["GET"]}}],"collection":[{"href":"https:\/\/paroisseherblay.fr\/index.php\/wp-json\/wp\/v2\/pages"}],"about":[{"href":"https:\/\/paroisseherblay.fr\/index.php\/wp-json\/wp\/v2\/types\/page"}],"author":[{"embeddable":true,"href":"https:\/\/paroisseherblay.fr\/index.php\/wp-json\/wp\/v2\/users\/1"}],"replies":[{"embeddable":true,"href":"https:\/\/paroisseherblay.fr\/index.php\/wp-json\/wp\/v2\/comments?post=1045"}],"version-history":[{"count":17,"href":"https:\/\/paroisseherblay.fr\/index.php\/wp-json\/wp\/v2\/pages\/1045\/revisions"}],"predecessor-version":[{"id":1306,"href":"https:\/\/paroisseherblay.fr\/index.php\/wp-json\/wp\/v2\/pages\/1045\/revisions\/1306"}],"up":[{"embeddable":true,"href":"https:\/\/paroisseherblay.fr\/index.php\/wp-json\/wp\/v2\/pages\/753"}],"wp:attachment":[{"href":"https:\/\/paroisseherblay.fr\/index.php\/wp-json\/wp\/v2\/media?parent=1045"}],"curies":[{"name":"wp","href":"https:\/\/api.w.org\/{rel}","templated":true}]}}