{"id":1225,"date":"2023-11-24T15:15:02","date_gmt":"2023-11-24T14:15:02","guid":{"rendered":"https:\/\/paroisseherblay.fr\/?page_id=1225"},"modified":"2023-11-24T15:26:38","modified_gmt":"2023-11-24T14:26:38","slug":"pages-du-site","status":"publish","type":"page","link":"https:\/\/paroisseherblay.fr\/index.php\/archives\/pages-du-site\/","title":{"rendered":"Pages du site"},"content":{"rendered":"<ul class=\"wp-block-page-list\"><li class=\"wp-block-pages-list__item\"><a class=\"wp-block-pages-list__item__link\" href=\"https:\/\/paroisseherblay.fr\/index.php\/about-us\/\">About Us<\/a><\/li><li class=\"wp-block-pages-list__item menu-item-home\"><a class=\"wp-block-pages-list__item__link\" href=\"https:\/\/paroisseherblay.fr\/\">Accueil<\/a><\/li><li class=\"wp-block-pages-list__item\"><a class=\"wp-block-pages-list__item__link\" href=\"https:\/\/paroisseherblay.fr\/index.php\/agenda\/\">Agenda<\/a><\/li><li class=\"wp-block-pages-list__item has-child\"><a class=\"wp-block-pages-list__item__link\" href=\"https:\/\/paroisseherblay.fr\/index.php\/archives\/\">Archives<\/a><ul class=\"wp-block-navigation__submenu-container\"><li class=\"wp-block-pages-list__item \"><a class=\"wp-block-pages-list__item__link\" href=\"https:\/\/paroisseherblay.fr\/index.php\/archives\/pages-du-site\/\">Pages du site<\/a><\/li><\/ul><\/li><li class=\"wp-block-pages-list__item has-child\"><a class=\"wp-block-pages-list__item__link\" href=\"https:\/\/paroisseherblay.fr\/index.php\/celebrer\/\">C\u00e9l\u00e9brer<\/a><ul class=\"wp-block-navigation__submenu-container\"><li class=\"wp-block-pages-list__item \"><a class=\"wp-block-pages-list__item__link\" href=\"https:\/\/paroisseherblay.fr\/index.php\/celebrer\/bapteme\/\">Bapt\u00eame<\/a><\/li><li class=\"wp-block-pages-list__item \"><a class=\"wp-block-pages-list__item__link\" href=\"https:\/\/paroisseherblay.fr\/index.php\/celebrer\/eucharistie\/\">Eucharistie<\/a><\/li><li class=\"wp-block-pages-list__item \"><a class=\"wp-block-pages-list__item__link\" href=\"https:\/\/paroisseherblay.fr\/index.php\/celebrer\/confirmation\/\">Confirmation<\/a><\/li><li class=\"wp-block-pages-list__item \"><a class=\"wp-block-pages-list__item__link\" href=\"https:\/\/paroisseherblay.fr\/index.php\/celebrer\/reconciliation\/\">R\u00e9conciliation<\/a><\/li><li class=\"wp-block-pages-list__item \"><a class=\"wp-block-pages-list__item__link\" href=\"https:\/\/paroisseherblay.fr\/index.php\/celebrer\/onction-des-malades\/\">Onction des malades<\/a><\/li><li class=\"wp-block-pages-list__item \"><a class=\"wp-block-pages-list__item__link\" href=\"https:\/\/paroisseherblay.fr\/index.php\/celebrer\/mariage\/\">Mariage<\/a><\/li><li class=\"wp-block-pages-list__item \"><a class=\"wp-block-pages-list__item__link\" href=\"https:\/\/paroisseherblay.fr\/index.php\/celebrer\/ordination\/\">Sacrement de l&rsquo;ordre<\/a><\/li><li class=\"wp-block-pages-list__item has-child \"><a class=\"wp-block-pages-list__item__link\" href=\"https:\/\/paroisseherblay.fr\/index.php\/celebrer\/obseques\/\">Obs\u00e8ques<\/a><ul class=\"wp-block-navigation__submenu-container\"><li class=\"wp-block-pages-list__item \"><a class=\"wp-block-pages-list__item__link\" href=\"https:\/\/paroisseherblay.fr\/index.php\/celebrer\/obseques\/equipe-pour-les-obseques\/\">Equipe pour les obs\u00e8ques<\/a><\/li><li class=\"wp-block-pages-list__item \"><a class=\"wp-block-pages-list__item__link\" href=\"https:\/\/paroisseherblay.fr\/index.php\/celebrer\/obseques\/obseques-preparation-de-la-ceremonie\/\">Obs\u00e8ques : Pr\u00e9paration de la c\u00e9r\u00e9monie<\/a><\/li><li class=\"wp-block-pages-list__item \"><a class=\"wp-block-pages-list__item__link\" href=\"https:\/\/paroisseherblay.fr\/index.php\/celebrer\/obseques\/textes-bibliques-sur-la-resurrection-et-la-vie-eternelle\/\">Textes bibliques sur la r\u00e9surrection et la vie \u00e9ternelle<\/a><\/li><\/ul><\/li><\/ul><\/li><li class=\"wp-block-pages-list__item has-child\"><a class=\"wp-block-pages-list__item__link\" href=\"https:\/\/paroisseherblay.fr\/index.php\/documentation-du-site\/\">Documentation du site<\/a><ul class=\"wp-block-navigation__submenu-container\"><li class=\"wp-block-pages-list__item \"><a class=\"wp-block-pages-list__item__link\" href=\"https:\/\/paroisseherblay.fr\/index.php\/documentation-du-site\/ajouter-une-feuille-de-messe\/\">Ajouter un feuillet de Messe<\/a><\/li><\/ul><\/li><li class=\"wp-block-pages-list__item\"><a class=\"wp-block-pages-list__item__link\" href=\"https:\/\/paroisseherblay.fr\/index.php\/mentions-legales\/\">Mentions l\u00e9gales<\/a><\/li><li class=\"wp-block-pages-list__item\"><a class=\"wp-block-pages-list__item__link\" href=\"https:\/\/paroisseherblay.fr\/index.php\/contacts\/\">Nous contacter<\/a><\/li><li class=\"wp-block-pages-list__item\"><a class=\"wp-block-pages-list__item__link\" href=\"https:\/\/paroisseherblay.fr\/index.php\/nouveau-site\/\">Nouveau site Web pour la paroisse<\/a><\/li><li class=\"wp-block-pages-list__item has-child\"><a class=\"wp-block-pages-list__item__link\" href=\"https:\/\/paroisseherblay.fr\/index.php\/partager\/\">Partager<\/a><ul class=\"wp-block-navigation__submenu-container\"><li class=\"wp-block-pages-list__item \"><a class=\"wp-block-pages-list__item__link\" href=\"https:\/\/paroisseherblay.fr\/index.php\/partager\/jeunes\/\">Jeunes<\/a><\/li><li class=\"wp-block-pages-list__item has-child \"><a class=\"wp-block-pages-list__item__link\" href=\"https:\/\/paroisseherblay.fr\/index.php\/partager\/groupes-et-partage\/\">Groupes<\/a><ul class=\"wp-block-navigation__submenu-container\"><li class=\"wp-block-pages-list__item \"><a class=\"wp-block-pages-list__item__link\" href=\"https:\/\/paroisseherblay.fr\/index.php\/partager\/groupes-et-partage\/action-catholique-independante\/\">Action Catholique Ind\u00e9pendante<\/a><\/li><li class=\"wp-block-pages-list__item \"><a class=\"wp-block-pages-list__item__link\" href=\"https:\/\/paroisseherblay.fr\/index.php\/partager\/groupes-et-partage\/le-rosaire\/\">Le Rosaire<\/a><\/li><\/ul><\/li><\/ul><\/li><li class=\"wp-block-pages-list__item\"><a class=\"wp-block-pages-list__item__link\" href=\"https:\/\/paroisseherblay.fr\/index.php\/politique-de-confidentialite\/\">Politique de confidentialit\u00e9<\/a><\/li><li class=\"wp-block-pages-list__item has-child\"><a class=\"wp-block-pages-list__item__link\" href=\"https:\/\/paroisseherblay.fr\/index.php\/la-paroisse\/\">Pr\u00e9sentation<\/a><ul class=\"wp-block-navigation__submenu-container\"><li class=\"wp-block-pages-list__item \"><a class=\"wp-block-pages-list__item__link\" href=\"https:\/\/paroisseherblay.fr\/index.php\/la-paroisse\/leglise-saint-martin\/\">L&rsquo;Eglise Saint Martin<\/a><\/li><li class=\"wp-block-pages-list__item \"><a class=\"wp-block-pages-list__item__link\" href=\"https:\/\/paroisseherblay.fr\/index.php\/la-paroisse\/pretres-et-diacres\/\">Pr\u00eatres et Diacres<\/a><\/li><li class=\"wp-block-pages-list__item \"><a class=\"wp-block-pages-list__item__link\" href=\"https:\/\/paroisseherblay.fr\/index.php\/la-paroisse\/lequipe-danimation-pastorale\/\">L&rsquo;\u00e9quipe d&rsquo;animation pastorale<\/a><\/li><li class=\"wp-block-pages-list__item \"><a class=\"wp-block-pages-list__item__link\" href=\"https:\/\/paroisseherblay.fr\/index.php\/la-paroisse\/le-conseil-de-la-mission\/\">Le conseil de la mission<\/a><\/li><li class=\"wp-block-pages-list__item \"><a class=\"wp-block-pages-list__item__link\" href=\"https:\/\/paroisseherblay.fr\/index.php\/la-paroisse\/le-conseil-economique\/\">Le conseil \u00e9conomique<\/a><\/li><li class=\"wp-block-pages-list__item \"><a class=\"wp-block-pages-list__item__link\" href=\"https:\/\/paroisseherblay.fr\/index.php\/la-paroisse\/celebrations-et-lieux\/\">C\u00e9l\u00e9brations et Lieux<\/a><\/li><\/ul><\/li><li class=\"wp-block-pages-list__item has-child\"><a class=\"wp-block-pages-list__item__link\" href=\"https:\/\/paroisseherblay.fr\/index.php\/servir\/\">Servir<\/a><ul class=\"wp-block-navigation__submenu-container\"><li class=\"wp-block-pages-list__item has-child \"><a class=\"wp-block-pages-list__item__link\" href=\"https:\/\/paroisseherblay.fr\/index.php\/servir\/liturgie\/\">Liturgie<\/a><ul class=\"wp-block-navigation__submenu-container\"><li class=\"wp-block-pages-list__item \"><a class=\"wp-block-pages-list__item__link\" href=\"https:\/\/paroisseherblay.fr\/index.php\/servir\/liturgie\/decoration-florale\/\">D\u00e9coration florale<\/a><\/li><li class=\"wp-block-pages-list__item \"><a class=\"wp-block-pages-list__item__link\" href=\"https:\/\/paroisseherblay.fr\/index.php\/servir\/liturgie\/entretien-des-eglises\/\">Entretien des \u00e9glises<\/a><\/li><li class=\"wp-block-pages-list__item \"><a class=\"wp-block-pages-list__item__link\" href=\"https:\/\/paroisseherblay.fr\/index.php\/servir\/liturgie\/equipe-danimation-liturgique\/\">\u00c9quipe d\u2019Animation Liturgique<\/a><\/li><li class=\"wp-block-pages-list__item \"><a class=\"wp-block-pages-list__item__link\" href=\"https:\/\/paroisseherblay.fr\/index.php\/servir\/liturgie\/lecteurs\/\">Lecteurs<\/a><\/li><li class=\"wp-block-pages-list__item \"><a class=\"wp-block-pages-list__item__link\" href=\"https:\/\/paroisseherblay.fr\/index.php\/servir\/liturgie\/porteurs-de-communion\/\">Porteurs de communion<\/a><\/li><li class=\"wp-block-pages-list__item \"><a class=\"wp-block-pages-list__item__link\" href=\"https:\/\/paroisseherblay.fr\/index.php\/servir\/liturgie\/sacristie\/\">Sacristie<\/a><\/li><li class=\"wp-block-pages-list__item \"><a class=\"wp-block-pages-list__item__link\" href=\"https:\/\/paroisseherblay.fr\/index.php\/servir\/liturgie\/servants-de-messe\/\">Servants d&rsquo;autel<\/a><\/li><\/ul><\/li><li class=\"wp-block-pages-list__item has-child \"><a class=\"wp-block-pages-list__item__link\" href=\"https:\/\/paroisseherblay.fr\/index.php\/servir\/service-du-frere\/\">Service du fr\u00e8re<\/a><ul class=\"wp-block-navigation__submenu-container\"><li class=\"wp-block-pages-list__item \"><a class=\"wp-block-pages-list__item__link\" href=\"https:\/\/paroisseherblay.fr\/index.php\/servir\/service-du-frere\/comite-des-fetes-ceremonies\/\">Comit\u00e9 des F\u00eates &amp; C\u00e9r\u00e9monies<\/a><\/li><li class=\"wp-block-pages-list__item \"><a class=\"wp-block-pages-list__item__link\" href=\"https:\/\/paroisseherblay.fr\/index.php\/servir\/service-du-frere\/conference-saint-vincent\/\">Conf\u00e9rence Saint Vincent<\/a><\/li><li class=\"wp-block-pages-list__item \"><a class=\"wp-block-pages-list__item__link\" href=\"https:\/\/paroisseherblay.fr\/index.php\/servir\/service-du-frere\/foi-et-lumiere\/\">Foi et lumi\u00e8re<\/a><\/li><li class=\"wp-block-pages-list__item \"><a class=\"wp-block-pages-list__item__link\" href=\"https:\/\/paroisseherblay.fr\/index.php\/servir\/service-du-frere\/service-evangelique-des-malades-sem\/\">Service \u00c9vang\u00e9lique des Malades (SEM)<\/a><\/li><\/ul><\/li><\/ul><\/li><li class=\"wp-block-pages-list__item\"><a class=\"wp-block-pages-list__item__link\" href=\"https:\/\/paroisseherblay.fr\/index.php\/solidarite\/\">Solidarit\u00e9<\/a><\/li><li class=\"wp-block-pages-list__item\"><a class=\"wp-block-pages-list__item__link\" href=\"https:\/\/paroisseherblay.fr\/index.php\/blog\/\">Toutes les actualit\u00e9s<\/a><\/li><li class=\"wp-block-pages-list__item has-child\"><a class=\"wp-block-pages-list__item__link\" href=\"https:\/\/paroisseherblay.fr\/index.php\/transmettre\/\">Transmettre<\/a><ul class=\"wp-block-navigation__submenu-container\"><li class=\"wp-block-pages-list__item \"><a class=\"wp-block-pages-list__item__link\" href=\"https:\/\/paroisseherblay.fr\/index.php\/transmettre\/eveil-a-la-foi\/\">Eveil \u00e0 la Foi<\/a><\/li><li class=\"wp-block-pages-list__item \"><a class=\"wp-block-pages-list__item__link\" href=\"https:\/\/paroisseherblay.fr\/index.php\/transmettre\/catechisme\/\">Cat\u00e9chisme<\/a><\/li><li class=\"wp-block-pages-list__item has-child \"><a class=\"wp-block-pages-list__item__link\" href=\"https:\/\/paroisseherblay.fr\/index.php\/transmettre\/aumonerie-des-jeunes\/\">Aum\u00f4nerie des jeunes<\/a><ul class=\"wp-block-navigation__submenu-container\"><li class=\"wp-block-pages-list__item \"><a class=\"wp-block-pages-list__item__link\" href=\"https:\/\/paroisseherblay.fr\/index.php\/transmettre\/aumonerie-des-jeunes\/aumonerie-4emes-3emes\/\">Aum\u00f4nerie 4\u00e8mes-3\u00e8mes<\/a><\/li><li class=\"wp-block-pages-list__item \"><a class=\"wp-block-pages-list__item__link\" href=\"https:\/\/paroisseherblay.fr\/index.php\/transmettre\/aumonerie-des-jeunes\/aumonerie-des-cinquiemes\/\">Aum\u00f4nerie des 5\u00e8mes<\/a><\/li><li class=\"wp-block-pages-list__item \"><a class=\"wp-block-pages-list__item__link\" href=\"https:\/\/paroisseherblay.fr\/index.php\/transmettre\/aumonerie-des-jeunes\/aumonerie-des-sixiemes\/\">Aum\u00f4nerie des 6\u00e8mes<\/a><\/li><li class=\"wp-block-pages-list__item \"><a class=\"wp-block-pages-list__item__link\" href=\"https:\/\/paroisseherblay.fr\/index.php\/transmettre\/aumonerie-des-jeunes\/aumonerie-du-lycee\/\">Aum\u00f4nerie du Lyc\u00e9e<\/a><\/li><\/ul><\/li><li class=\"wp-block-pages-list__item \"><a class=\"wp-block-pages-list__item__link\" href=\"https:\/\/paroisseherblay.fr\/index.php\/transmettre\/jeunes-adultes\/\">EMEFA (Jeunes adultes)<\/a><\/li><li class=\"wp-block-pages-list__item \"><a class=\"wp-block-pages-list__item__link\" href=\"https:\/\/paroisseherblay.fr\/index.php\/transmettre\/catechumenat\/\">Cat\u00e9chum\u00e9nat<\/a><\/li><\/ul><\/li><li class=\"wp-block-pages-list__item\"><a class=\"wp-block-pages-list__item__link\" href=\"https:\/\/paroisseherblay.fr\/index.php\/typography\/\">Typo<\/a><\/li><\/ul>","protected":false},"excerpt":{"rendered":"","protected":false},"author":1,"featured_media":0,"parent":508,"menu_order":0,"comment_status":"closed","ping_status":"closed","template":"","meta":{"footnotes":""},"class_list":["post-1225","page","type-page","status-publish","hentry","no-post-thumbnail"],"yoast_head":"<!-- This site is optimized with the Yoast SEO plugin v27.4 - https:\/\/yoast.com\/product\/yoast-seo-wordpress\/ -->\n<title>Pages du site - Paroisse d&#039;Herblay-sur-Seine<\/title>\n<meta name=\"robots\" content=\"index, follow, max-snippet:-1, max-image-preview:large, max-video-preview:-1\" \/>\n<link rel=\"canonical\" href=\"https:\/\/paroisseherblay.fr\/index.php\/archives\/pages-du-site\/\" \/>\n<meta property=\"og:locale\" content=\"fr_FR\" \/>\n<meta property=\"og:type\" content=\"article\" \/>\n<meta property=\"og:title\" content=\"Pages du site - Paroisse d&#039;Herblay-sur-Seine\" \/>\n<meta property=\"og:url\" content=\"https:\/\/paroisseherblay.fr\/index.php\/archives\/pages-du-site\/\" \/>\n<meta property=\"og:site_name\" content=\"Paroisse d&#039;Herblay-sur-Seine\" \/>\n<meta property=\"article:publisher\" content=\"https:\/\/www.facebook.com\/paroisse.dherblay\" \/>\n<meta property=\"article:modified_time\" content=\"2023-11-24T14:26:38+00:00\" \/>\n<meta name=\"twitter:card\" content=\"summary_large_image\" \/>\n<script type=\"application\/ld+json\" class=\"yoast-schema-graph\">{\"@context\":\"https:\\\/\\\/schema.org\",\"@graph\":[{\"@type\":\"WebPage\",\"@id\":\"https:\\\/\\\/paroisseherblay.fr\\\/index.php\\\/archives\\\/pages-du-site\\\/\",\"url\":\"https:\\\/\\\/paroisseherblay.fr\\\/index.php\\\/archives\\\/pages-du-site\\\/\",\"name\":\"Pages du site - Paroisse d&#039;Herblay-sur-Seine\",\"isPartOf\":{\"@id\":\"https:\\\/\\\/paroisseherblay.fr\\\/#website\"},\"datePublished\":\"2023-11-24T14:15:02+00:00\",\"dateModified\":\"2023-11-24T14:26:38+00:00\",\"breadcrumb\":{\"@id\":\"https:\\\/\\\/paroisseherblay.fr\\\/index.php\\\/archives\\\/pages-du-site\\\/#breadcrumb\"},\"inLanguage\":\"fr-FR\",\"potentialAction\":[{\"@type\":\"ReadAction\",\"target\":[\"https:\\\/\\\/paroisseherblay.fr\\\/index.php\\\/archives\\\/pages-du-site\\\/\"]}]},{\"@type\":\"BreadcrumbList\",\"@id\":\"https:\\\/\\\/paroisseherblay.fr\\\/index.php\\\/archives\\\/pages-du-site\\\/#breadcrumb\",\"itemListElement\":[{\"@type\":\"ListItem\",\"position\":1,\"name\":\"Home\",\"item\":\"https:\\\/\\\/paroisseherblay.fr\\\/\"},{\"@type\":\"ListItem\",\"position\":2,\"name\":\"Archives\",\"item\":\"https:\\\/\\\/paroisseherblay.fr\\\/index.php\\\/archives\\\/\"},{\"@type\":\"ListItem\",\"position\":3,\"name\":\"Pages du site\"}]},{\"@type\":\"WebSite\",\"@id\":\"https:\\\/\\\/paroisseherblay.fr\\\/#website\",\"url\":\"https:\\\/\\\/paroisseherblay.fr\\\/\",\"name\":\"Paroisse d'Herblay\",\"description\":\"\",\"publisher\":{\"@id\":\"https:\\\/\\\/paroisseherblay.fr\\\/#organization\"},\"alternateName\":\"ParoisseHerblay\",\"potentialAction\":[{\"@type\":\"SearchAction\",\"target\":{\"@type\":\"EntryPoint\",\"urlTemplate\":\"https:\\\/\\\/paroisseherblay.fr\\\/?s={search_term_string}\"},\"query-input\":{\"@type\":\"PropertyValueSpecification\",\"valueRequired\":true,\"valueName\":\"search_term_string\"}}],\"inLanguage\":\"fr-FR\"},{\"@type\":\"Organization\",\"@id\":\"https:\\\/\\\/paroisseherblay.fr\\\/#organization\",\"name\":\"Paroisse d'Herblay\",\"url\":\"https:\\\/\\\/paroisseherblay.fr\\\/\",\"logo\":{\"@type\":\"ImageObject\",\"inLanguage\":\"fr-FR\",\"@id\":\"https:\\\/\\\/paroisseherblay.fr\\\/#\\\/schema\\\/logo\\\/image\\\/\",\"url\":\"https:\\\/\\\/paroisseherblay.fr\\\/wp-content\\\/uploads\\\/2023\\\/10\\\/logo_paroisse.png\",\"contentUrl\":\"https:\\\/\\\/paroisseherblay.fr\\\/wp-content\\\/uploads\\\/2023\\\/10\\\/logo_paroisse.png\",\"width\":200,\"height\":207,\"caption\":\"Paroisse d'Herblay\"},\"image\":{\"@id\":\"https:\\\/\\\/paroisseherblay.fr\\\/#\\\/schema\\\/logo\\\/image\\\/\"},\"sameAs\":[\"https:\\\/\\\/www.facebook.com\\\/paroisse.dherblay\",\"https:\\\/\\\/www.youtube.com\\\/@paroisseherblay\",\"https:\\\/\\\/www.instagram.com\\\/paroisse.herblay\"]}]}<\/script>\n<!-- \/ Yoast SEO plugin. -->","yoast_head_json":{"title":"Pages du site - Paroisse d&#039;Herblay-sur-Seine","robots":{"index":"index","follow":"follow","max-snippet":"max-snippet:-1","max-image-preview":"max-image-preview:large","max-video-preview":"max-video-preview:-1"},"canonical":"https:\/\/paroisseherblay.fr\/index.php\/archives\/pages-du-site\/","og_locale":"fr_FR","og_type":"article","og_title":"Pages du site - Paroisse d&#039;Herblay-sur-Seine","og_url":"https:\/\/paroisseherblay.fr\/index.php\/archives\/pages-du-site\/","og_site_name":"Paroisse d&#039;Herblay-sur-Seine","article_publisher":"https:\/\/www.facebook.com\/paroisse.dherblay","article_modified_time":"2023-11-24T14:26:38+00:00","twitter_card":"summary_large_image","schema":{"@context":"https:\/\/schema.org","@graph":[{"@type":"WebPage","@id":"https:\/\/paroisseherblay.fr\/index.php\/archives\/pages-du-site\/","url":"https:\/\/paroisseherblay.fr\/index.php\/archives\/pages-du-site\/","name":"Pages du site - Paroisse d&#039;Herblay-sur-Seine","isPartOf":{"@id":"https:\/\/paroisseherblay.fr\/#website"},"datePublished":"2023-11-24T14:15:02+00:00","dateModified":"2023-11-24T14:26:38+00:00","breadcrumb":{"@id":"https:\/\/paroisseherblay.fr\/index.php\/archives\/pages-du-site\/#breadcrumb"},"inLanguage":"fr-FR","potentialAction":[{"@type":"ReadAction","target":["https:\/\/paroisseherblay.fr\/index.php\/archives\/pages-du-site\/"]}]},{"@type":"BreadcrumbList","@id":"https:\/\/paroisseherblay.fr\/index.php\/archives\/pages-du-site\/#breadcrumb","itemListElement":[{"@type":"ListItem","position":1,"name":"Home","item":"https:\/\/paroisseherblay.fr\/"},{"@type":"ListItem","position":2,"name":"Archives","item":"https:\/\/paroisseherblay.fr\/index.php\/archives\/"},{"@type":"ListItem","position":3,"name":"Pages du site"}]},{"@type":"WebSite","@id":"https:\/\/paroisseherblay.fr\/#website","url":"https:\/\/paroisseherblay.fr\/","name":"Paroisse d'Herblay","description":"","publisher":{"@id":"https:\/\/paroisseherblay.fr\/#organization"},"alternateName":"ParoisseHerblay","potentialAction":[{"@type":"SearchAction","target":{"@type":"EntryPoint","urlTemplate":"https:\/\/paroisseherblay.fr\/?s={search_term_string}"},"query-input":{"@type":"PropertyValueSpecification","valueRequired":true,"valueName":"search_term_string"}}],"inLanguage":"fr-FR"},{"@type":"Organization","@id":"https:\/\/paroisseherblay.fr\/#organization","name":"Paroisse d'Herblay","url":"https:\/\/paroisseherblay.fr\/","logo":{"@type":"ImageObject","inLanguage":"fr-FR","@id":"https:\/\/paroisseherblay.fr\/#\/schema\/logo\/image\/","url":"https:\/\/paroisseherblay.fr\/wp-content\/uploads\/2023\/10\/logo_paroisse.png","contentUrl":"https:\/\/paroisseherblay.fr\/wp-content\/uploads\/2023\/10\/logo_paroisse.png","width":200,"height":207,"caption":"Paroisse d'Herblay"},"image":{"@id":"https:\/\/paroisseherblay.fr\/#\/schema\/logo\/image\/"},"sameAs":["https:\/\/www.facebook.com\/paroisse.dherblay","https:\/\/www.youtube.com\/@paroisseherblay","https:\/\/www.instagram.com\/paroisse.herblay"]}]}},"_links":{"self":[{"href":"https:\/\/paroisseherblay.fr\/index.php\/wp-json\/wp\/v2\/pages\/1225","targetHints":{"allow":["GET"]}}],"collection":[{"href":"https:\/\/paroisseherblay.fr\/index.php\/wp-json\/wp\/v2\/pages"}],"about":[{"href":"https:\/\/paroisseherblay.fr\/index.php\/wp-json\/wp\/v2\/types\/page"}],"author":[{"embeddable":true,"href":"https:\/\/paroisseherblay.fr\/index.php\/wp-json\/wp\/v2\/users\/1"}],"replies":[{"embeddable":true,"href":"https:\/\/paroisseherblay.fr\/index.php\/wp-json\/wp\/v2\/comments?post=1225"}],"version-history":[{"count":1,"href":"https:\/\/paroisseherblay.fr\/index.php\/wp-json\/wp\/v2\/pages\/1225\/revisions"}],"predecessor-version":[{"id":1226,"href":"https:\/\/paroisseherblay.fr\/index.php\/wp-json\/wp\/v2\/pages\/1225\/revisions\/1226"}],"up":[{"embeddable":true,"href":"https:\/\/paroisseherblay.fr\/index.php\/wp-json\/wp\/v2\/pages\/508"}],"wp:attachment":[{"href":"https:\/\/paroisseherblay.fr\/index.php\/wp-json\/wp\/v2\/media?parent=1225"}],"curies":[{"name":"wp","href":"https:\/\/api.w.org\/{rel}","templated":true}]}}