{"id":13,"date":"2023-10-24T15:46:34","date_gmt":"2023-10-24T13:46:34","guid":{"rendered":"http:\/\/subpynw.cluster028.hosting.ovh.net\/?page_id=13"},"modified":"2026-01-31T11:24:03","modified_gmt":"2026-01-31T10:24:03","slug":"home","status":"publish","type":"page","link":"https:\/\/paroisseherblay.fr\/","title":{"rendered":"Accueil"},"content":{"rendered":"\n<p class=\"has-text-align-center has-light-color has-text-color\">&#8211;<\/p>\n\n\n\n<div class=\"wp-block-columns cols-bordered cols-rounded cols-padding cols-shadow-hover is-layout-flex wp-container-core-columns-is-layout-2edb0647 wp-block-columns-is-layout-flex\" style=\"margin-top:0;margin-bottom:0\">\n<div class=\"wp-block-column has-background-background-color has-background is-layout-flow wp-block-column-is-layout-flow\">\n<figure class=\"wp-block-image aligncenter size-full is-resized\"><img loading=\"lazy\" decoding=\"async\" width=\"512\" height=\"512\" src=\"https:\/\/paroisseherblay.fr\/wp-content\/uploads\/2023\/11\/eglise.png\" alt=\"\" class=\"wp-image-895\" style=\"aspect-ratio:1;width:113px;height:auto\" srcset=\"https:\/\/paroisseherblay.fr\/wp-content\/uploads\/2023\/11\/eglise.png 512w, https:\/\/paroisseherblay.fr\/wp-content\/uploads\/2023\/11\/eglise-300x300.png 300w, https:\/\/paroisseherblay.fr\/wp-content\/uploads\/2023\/11\/eglise-150x150.png 150w\" sizes=\"auto, (max-width: 512px) 100vw, 512px\" \/><\/figure>\n\n\n\n<h3 class=\"wp-block-heading has-text-align-center mt-05 mb-1\"><a href=\"\/index.php\/la-paroisse\/celebrations-et-lieux\/#lieux\" data-type=\"link\" data-id=\"\/index.php\/la-paroisse\/celebrations-et-lieux\/#lieux\">Acc\u00e8s<\/a><\/h3>\n\n\n\n<p class=\"has-text-align-center\">Trouvez toutes les informations n\u00e9cessaires pour nous rejoindre \u00e0 l&rsquo;\u00e9glise ou \u00e0 la chapelle<\/p>\n<\/div>\n\n\n\n<div class=\"wp-block-column has-background-background-color has-background is-layout-flow wp-block-column-is-layout-flow\">\n<figure class=\"wp-block-image aligncenter size-full is-resized is-style-default\"><img loading=\"lazy\" decoding=\"async\" width=\"512\" height=\"512\" src=\"https:\/\/paroisseherblay.fr\/wp-content\/uploads\/2023\/11\/priere.png\" alt=\"\" class=\"wp-image-896\" style=\"aspect-ratio:1;width:113px;height:auto\" srcset=\"https:\/\/paroisseherblay.fr\/wp-content\/uploads\/2023\/11\/priere.png 512w, https:\/\/paroisseherblay.fr\/wp-content\/uploads\/2023\/11\/priere-300x300.png 300w, https:\/\/paroisseherblay.fr\/wp-content\/uploads\/2023\/11\/priere-150x150.png 150w\" sizes=\"auto, (max-width: 512px) 100vw, 512px\" \/><\/figure>\n\n\n\n<h3 class=\"wp-block-heading has-text-align-center mt-05 mb-1\"><a href=\"https:\/\/www.aelf.org\/\" data-type=\"link\" data-id=\"https:\/\/www.aelf.org\/\">Lectures du jour<\/a><\/h3>\n\n\n\n<p class=\"has-text-align-center\">Retrouvez toutes les lectures et offices du jour<\/p>\n<\/div>\n\n\n\n<div class=\"wp-block-column has-background-background-color has-background is-layout-flow wp-block-column-is-layout-flow\">\n<figure class=\"wp-block-image aligncenter size-full is-resized is-style-default\"><a href=\"https:\/\/don.catholique95.fr\/je-soutiens\"><img loading=\"lazy\" decoding=\"async\" width=\"512\" height=\"512\" src=\"https:\/\/paroisseherblay.fr\/wp-content\/uploads\/2023\/11\/donation.png\" alt=\"\" class=\"wp-image-886\" style=\"aspect-ratio:1;width:113px;height:auto\" srcset=\"https:\/\/paroisseherblay.fr\/wp-content\/uploads\/2023\/11\/donation.png 512w, https:\/\/paroisseherblay.fr\/wp-content\/uploads\/2023\/11\/donation-300x300.png 300w, https:\/\/paroisseherblay.fr\/wp-content\/uploads\/2023\/11\/donation-150x150.png 150w\" sizes=\"auto, (max-width: 512px) 100vw, 512px\" \/><\/a><\/figure>\n\n\n\n<h3 class=\"wp-block-heading has-text-align-center mt-05 mb-1\"><a href=\"https:\/\/don.catholique95.fr\/je-soutiens\" data-type=\"link\" data-id=\"https:\/\/don.catholique95.fr\/je-soutiens\">Faire un don<\/a><\/h3>\n\n\n\n<p class=\"has-text-align-center\">Pour faire vivre l&rsquo;esp\u00e9rance aujourd&rsquo;hui,<br>je soutiens l&rsquo;\u00c9glise du Val-d&rsquo;Oise !<\/p>\n<\/div>\n\n\n\n<div class=\"wp-block-column has-background-background-color has-background is-layout-flow wp-block-column-is-layout-flow\">\n<figure class=\"wp-block-image aligncenter size-full is-resized is-style-default\"><a href=\"\/index.php\/category\/feuillets\/\"><img loading=\"lazy\" decoding=\"async\" width=\"512\" height=\"512\" src=\"https:\/\/paroisseherblay.fr\/wp-content\/uploads\/2023\/11\/bible.png\" alt=\"\" class=\"wp-image-897\" style=\"aspect-ratio:1;width:117px;height:auto\" srcset=\"https:\/\/paroisseherblay.fr\/wp-content\/uploads\/2023\/11\/bible.png 512w, https:\/\/paroisseherblay.fr\/wp-content\/uploads\/2023\/11\/bible-300x300.png 300w, https:\/\/paroisseherblay.fr\/wp-content\/uploads\/2023\/11\/bible-150x150.png 150w\" sizes=\"auto, (max-width: 512px) 100vw, 512px\" \/><\/a><\/figure>\n\n\n\n<h5 class=\"wp-block-heading has-text-align-center mt-05 mb-1\"><strong><a href=\"https:\/\/paroisseherblay.fr\/index.php\/category\/chants\/\">Feuilles de chants<\/a><\/strong><\/h5>\n\n\n\n<p class=\"has-text-align-center mt-05 mb-1\">et<\/p>\n\n\n\n<h5 class=\"wp-block-heading has-text-align-center mt-05 mb-1\"><strong><a data-type=\"link\" data-id=\"\/index.php\/category\/feuillets\/\" href=\"\/index.php\/category\/feuillets\/\">Feuillets d&rsquo;annonces<\/a><\/strong> <\/h5>\n\n\n\n<p class=\"has-text-align-center\">Acc\u00e9dez \u00e0 l&rsquo;ensemble des<br>feuilles de chants et feuillets d&rsquo;annonces<\/p>\n<\/div>\n<\/div>\n\n\n\n<p class=\"has-text-align-center has-light-color has-text-color\" style=\"line-height:0\">&#8211;<\/p>\n\n\n\n<h2 class=\"wp-block-heading has-text-align-center is-style-default has-rounded-border\"><mark style=\"background-color:var(--colorMain)\" class=\"has-inline-color\">Agenda<\/mark><\/h2>\n\n\n\n  <div id='pgcalendar-e7b3b515e471f275911cfad7567eb3c69d898c7e87fc352453cc3e36eb972fca' class='pgcal-container'>loading...<\/div>\n  <div class='pgcal-branding'>Powered by <a href='https:\/\/wordpress.org\/plugins\/pretty-google-calendar\/'>Pretty Google Calendar<\/a><\/div>\n  \n\n\n\n<p class=\"has-text-align-left\">&gt; <a href=\"https:\/\/paroisseherblay.fr\/index.php\/agenda\/\" data-type=\"page\" data-id=\"1135\">Agenda mensuel<\/a><\/p>\n\n\n\n<div class=\"wp-block-columns has-border-color has-background-background-color has-background is-layout-flex wp-container-core-columns-is-layout-6f0801eb wp-block-columns-is-layout-flex\" style=\"border-color:var(--colorBorder);border-width:1px;border-radius:10px;margin-top:0;margin-bottom:0;padding-top:var(--wp--preset--spacing--50);padding-right:0;padding-bottom:0;padding-left:0\">\n<div class=\"wp-block-column is-vertically-aligned-center is-layout-flow wp-block-column-is-layout-flow\" style=\"flex-basis:33%\">\n<figure class=\"wp-block-image aligncenter size-medium is-resized\"><img loading=\"lazy\" decoding=\"async\" width=\"300\" height=\"300\" src=\"https:\/\/paroisseherblay.fr\/wp-content\/uploads\/2023\/11\/whatsapp_QrCode_HD-300x300.png\" alt=\"\" class=\"wp-image-809\" style=\"aspect-ratio:1;object-fit:cover;width:200px\" srcset=\"https:\/\/paroisseherblay.fr\/wp-content\/uploads\/2023\/11\/whatsapp_QrCode_HD-300x300.png 300w, https:\/\/paroisseherblay.fr\/wp-content\/uploads\/2023\/11\/whatsapp_QrCode_HD-150x150.png 150w, https:\/\/paroisseherblay.fr\/wp-content\/uploads\/2023\/11\/whatsapp_QrCode_HD.png 319w\" sizes=\"auto, (max-width: 300px) 100vw, 300px\" \/><\/figure>\n\n\n\n<p class=\"has-text-align-center has-medium-font-size\"><a href=\"https:\/\/chat.whatsapp.com\/LRugjhjzuQDFGEr6oOFSkR\" data-type=\"link\" data-id=\"https:\/\/chat.whatsapp.com\/LRugjhjzuQDFGEr6oOFSkR\"><strong>Rejoignez nous sur WhatsApp !<\/strong><\/a><\/p>\n<\/div>\n\n\n\n<div class=\"wp-block-column is-layout-flow wp-block-column-is-layout-flow\" style=\"flex-basis:33%\"><ul class=\"wp-block-latest-posts__list has-link-color aligncenter wp-elements-f224235f0a391fd4dbb6970faa7044fa wp-block-latest-posts has-text-color has-font-color\"><li><div class=\"wp-block-latest-posts__featured-image\"><img loading=\"lazy\" decoding=\"async\" width=\"300\" height=\"114\" src=\"https:\/\/paroisseherblay.fr\/wp-content\/uploads\/2026\/04\/Feuillet_19042026-300x114.jpg\" class=\"attachment-medium size-medium wp-post-image\" alt=\"feuillet de chants &#8211; 19 avril 2026\" style=\"\" srcset=\"https:\/\/paroisseherblay.fr\/wp-content\/uploads\/2026\/04\/Feuillet_19042026-300x114.jpg 300w, https:\/\/paroisseherblay.fr\/wp-content\/uploads\/2026\/04\/Feuillet_19042026-1024x389.jpg 1024w, https:\/\/paroisseherblay.fr\/wp-content\/uploads\/2026\/04\/Feuillet_19042026-768x292.jpg 768w, https:\/\/paroisseherblay.fr\/wp-content\/uploads\/2026\/04\/Feuillet_19042026.jpg 1080w\" sizes=\"auto, (max-width: 300px) 100vw, 300px\" \/><\/div><a class=\"wp-block-latest-posts__post-title\" href=\"https:\/\/paroisseherblay.fr\/index.php\/2026\/04\/18\/feuillet-de-chants-19-avril-2026\/\">feuillet de chants &#8211; 19 avril 2026<\/a><div class=\"wp-block-latest-posts__post-excerpt\">3\u00e8me dimanche de P\u00e2ques A<\/div><\/li>\n<\/ul><\/div>\n\n\n\n<div class=\"wp-block-column is-layout-flow wp-block-column-is-layout-flow\" style=\"padding-top:0;padding-right:0;padding-bottom:0;padding-left:0;flex-basis:33%\"><ul style=\"line-height:1.5;\" class=\"wp-block-latest-posts__list aligncenter wp-block-latest-posts has-text-color has-font-color\"><li><div class=\"wp-block-latest-posts__featured-image\"><img loading=\"lazy\" decoding=\"async\" width=\"300\" height=\"155\" src=\"https:\/\/paroisseherblay.fr\/wp-content\/uploads\/2024\/11\/MiseEnAvantChants-300x155.jpg\" class=\"attachment-medium size-medium wp-post-image\" alt=\"Feuille de Chants\" style=\"\" srcset=\"https:\/\/paroisseherblay.fr\/wp-content\/uploads\/2024\/11\/MiseEnAvantChants-300x155.jpg 300w, https:\/\/paroisseherblay.fr\/wp-content\/uploads\/2024\/11\/MiseEnAvantChants.jpg 768w\" sizes=\"auto, (max-width: 300px) 100vw, 300px\" \/><\/div><a class=\"wp-block-latest-posts__post-title\" href=\"https:\/\/paroisseherblay.fr\/index.php\/2026\/03\/07\/feuille-de-chants-4\/\">Feuille de Chants<\/a><div class=\"wp-block-latest-posts__post-excerpt\">Du 18\/02\/2026 au 24\/05\/2026<\/div><\/li>\n<\/ul><\/div>\n<\/div>\n\n\n\n<h2 class=\"wp-block-heading has-text-align-center is-style-default has-rounded-border\"><mark style=\"background-color:var(--colorMain)\" class=\"has-inline-color\">Actualit\u00e9s<\/mark><\/h2>\n\n\n<ul class=\"wp-block-latest-posts__list aligncenter wp-block-latest-posts\"><li><a class=\"wp-block-latest-posts__post-title\" href=\"https:\/\/paroisseherblay.fr\/index.php\/2026\/04\/10\/information-urgente\/\">Information urgente<\/a><div class=\"wp-block-latest-posts__post-full-content\"><!-- wp:image {\"id\":2408,\"sizeSlug\":\"large\",\"linkDestination\":\"none\"} -->\n<figure class=\"wp-block-image size-large\"><img loading=\"lazy\" decoding=\"async\" width=\"1024\" height=\"569\" src=\"https:\/\/paroisseherblay.fr\/wp-content\/uploads\/2026\/04\/Screenshot_20260410_155619_Docs-1024x569.jpg\" alt=\"\" class=\"wp-image-2408\" srcset=\"https:\/\/paroisseherblay.fr\/wp-content\/uploads\/2026\/04\/Screenshot_20260410_155619_Docs-1024x569.jpg 1024w, https:\/\/paroisseherblay.fr\/wp-content\/uploads\/2026\/04\/Screenshot_20260410_155619_Docs-300x167.jpg 300w, https:\/\/paroisseherblay.fr\/wp-content\/uploads\/2026\/04\/Screenshot_20260410_155619_Docs-768x427.jpg 768w, https:\/\/paroisseherblay.fr\/wp-content\/uploads\/2026\/04\/Screenshot_20260410_155619_Docs.jpg 1080w\" sizes=\"auto, (max-width: 1024px) 100vw, 1024px\" \/><\/figure>\n<!-- \/wp:image --><\/div><\/li>\n<li><a class=\"wp-block-latest-posts__post-title\" href=\"https:\/\/paroisseherblay.fr\/index.php\/2026\/03\/13\/sacrement-de-reconciliation\/\">Sacrement de r\u00e9conciliation<\/a><div class=\"wp-block-latest-posts__post-full-content\"><!-- wp:image {\"id\":2376,\"sizeSlug\":\"large\",\"linkDestination\":\"none\"} -->\n<figure class=\"wp-block-image size-large\"><img loading=\"lazy\" decoding=\"async\" width=\"724\" height=\"1024\" src=\"https:\/\/paroisseherblay.fr\/wp-content\/uploads\/2026\/03\/Reconciliation_Doyenne_Taverny-724x1024.jpeg\" alt=\"\" class=\"wp-image-2376\" srcset=\"https:\/\/paroisseherblay.fr\/wp-content\/uploads\/2026\/03\/Reconciliation_Doyenne_Taverny-724x1024.jpeg 724w, https:\/\/paroisseherblay.fr\/wp-content\/uploads\/2026\/03\/Reconciliation_Doyenne_Taverny-212x300.jpeg 212w, https:\/\/paroisseherblay.fr\/wp-content\/uploads\/2026\/03\/Reconciliation_Doyenne_Taverny-768x1086.jpeg 768w, https:\/\/paroisseherblay.fr\/wp-content\/uploads\/2026\/03\/Reconciliation_Doyenne_Taverny-1086x1536.jpeg 1086w, https:\/\/paroisseherblay.fr\/wp-content\/uploads\/2026\/03\/Reconciliation_Doyenne_Taverny-604x855.jpeg 604w, https:\/\/paroisseherblay.fr\/wp-content\/uploads\/2026\/03\/Reconciliation_Doyenne_Taverny.jpeg 1414w\" sizes=\"auto, (max-width: 724px) 100vw, 724px\" \/><\/figure>\n<!-- \/wp:image --><\/div><\/li>\n<li><a class=\"wp-block-latest-posts__post-title\" href=\"https:\/\/paroisseherblay.fr\/index.php\/2026\/03\/07\/fetes-de-paques\/\">F\u00eates de P\u00e2ques<\/a><div class=\"wp-block-latest-posts__post-full-content\"><!-- wp:image {\"id\":2360,\"sizeSlug\":\"large\",\"linkDestination\":\"none\"} -->\n<figure class=\"wp-block-image size-large\"><img loading=\"lazy\" decoding=\"async\" width=\"726\" height=\"1024\" src=\"https:\/\/paroisseherblay.fr\/wp-content\/uploads\/2026\/03\/Fetes-de-Paques-2026-Herblay-726x1024.jpg\" alt=\"\" class=\"wp-image-2360\" srcset=\"https:\/\/paroisseherblay.fr\/wp-content\/uploads\/2026\/03\/Fetes-de-Paques-2026-Herblay-726x1024.jpg 726w, https:\/\/paroisseherblay.fr\/wp-content\/uploads\/2026\/03\/Fetes-de-Paques-2026-Herblay-213x300.jpg 213w, https:\/\/paroisseherblay.fr\/wp-content\/uploads\/2026\/03\/Fetes-de-Paques-2026-Herblay-768x1083.jpg 768w, https:\/\/paroisseherblay.fr\/wp-content\/uploads\/2026\/03\/Fetes-de-Paques-2026-Herblay-606x855.jpg 606w, https:\/\/paroisseherblay.fr\/wp-content\/uploads\/2026\/03\/Fetes-de-Paques-2026-Herblay.jpg 1080w\" sizes=\"auto, (max-width: 726px) 100vw, 726px\" \/><\/figure>\n<!-- \/wp:image --><\/div><\/li>\n<li><a class=\"wp-block-latest-posts__post-title\" href=\"https:\/\/paroisseherblay.fr\/index.php\/2026\/02\/23\/careme-2026\/\">Car\u00eame 2026<\/a><div class=\"wp-block-latest-posts__post-full-content\"><!-- wp:image {\"id\":2352,\"sizeSlug\":\"large\",\"linkDestination\":\"none\",\"align\":\"center\"} -->\n<figure class=\"wp-block-image aligncenter size-large\"><img loading=\"lazy\" decoding=\"async\" width=\"723\" height=\"1024\" src=\"https:\/\/paroisseherblay.fr\/wp-content\/uploads\/2026\/02\/Careme-2026-Herblay-723x1024.jpg\" alt=\"\" class=\"wp-image-2352\" srcset=\"https:\/\/paroisseherblay.fr\/wp-content\/uploads\/2026\/02\/Careme-2026-Herblay-723x1024.jpg 723w, https:\/\/paroisseherblay.fr\/wp-content\/uploads\/2026\/02\/Careme-2026-Herblay-212x300.jpg 212w, https:\/\/paroisseherblay.fr\/wp-content\/uploads\/2026\/02\/Careme-2026-Herblay-768x1088.jpg 768w, https:\/\/paroisseherblay.fr\/wp-content\/uploads\/2026\/02\/Careme-2026-Herblay-604x855.jpg 604w, https:\/\/paroisseherblay.fr\/wp-content\/uploads\/2026\/02\/Careme-2026-Herblay.jpg 1079w\" sizes=\"auto, (max-width: 723px) 100vw, 723px\" \/><\/figure>\n<!-- \/wp:image --><\/div><\/li>\n<li><a class=\"wp-block-latest-posts__post-title\" href=\"https:\/\/paroisseherblay.fr\/index.php\/2026\/02\/06\/conference-de-careme\/\">Conf\u00e9rence de car\u00eame<\/a><div class=\"wp-block-latest-posts__post-full-content\"><!-- wp:image {\"id\":2325,\"sizeSlug\":\"large\",\"linkDestination\":\"none\"} -->\n<figure class=\"wp-block-image size-large\"><img loading=\"lazy\" decoding=\"async\" width=\"724\" height=\"1024\" src=\"https:\/\/paroisseherblay.fr\/wp-content\/uploads\/2026\/02\/Conference_careme2026_doyenne_HERBLAY-TARVERNY-724x1024.jpg\" alt=\"\" class=\"wp-image-2325\" srcset=\"https:\/\/paroisseherblay.fr\/wp-content\/uploads\/2026\/02\/Conference_careme2026_doyenne_HERBLAY-TARVERNY-724x1024.jpg 724w, https:\/\/paroisseherblay.fr\/wp-content\/uploads\/2026\/02\/Conference_careme2026_doyenne_HERBLAY-TARVERNY-212x300.jpg 212w, https:\/\/paroisseherblay.fr\/wp-content\/uploads\/2026\/02\/Conference_careme2026_doyenne_HERBLAY-TARVERNY-768x1087.jpg 768w, https:\/\/paroisseherblay.fr\/wp-content\/uploads\/2026\/02\/Conference_careme2026_doyenne_HERBLAY-TARVERNY-604x855.jpg 604w, https:\/\/paroisseherblay.fr\/wp-content\/uploads\/2026\/02\/Conference_careme2026_doyenne_HERBLAY-TARVERNY.jpg 827w\" sizes=\"auto, (max-width: 724px) 100vw, 724px\" \/><\/figure>\n<!-- \/wp:image --><\/div><\/li>\n<\/ul>\n\n\n<div style=\"height:100px\" aria-hidden=\"true\" class=\"wp-block-spacer\"><\/div>\n","protected":false},"excerpt":{"rendered":"<p>&#8211; Acc\u00e8s Trouvez toutes les informations n\u00e9cessaires pour nous rejoindre \u00e0 l&rsquo;\u00e9glise ou \u00e0<span class=\"more-dots\">&#8230;<\/span><\/p>\n","protected":false},"author":1,"featured_media":0,"parent":0,"menu_order":0,"comment_status":"closed","ping_status":"closed","template":"page-templates\/no-sidebar-no-title.php","meta":{"footnotes":""},"class_list":["post-13","page","type-page","status-publish","hentry","no-post-thumbnail"],"yoast_head":"<!-- This site is optimized with the Yoast SEO plugin v27.4 - https:\/\/yoast.com\/product\/yoast-seo-wordpress\/ -->\n<title>Accueil - Paroisse d&#039;Herblay-sur-Seine<\/title>\n<meta name=\"robots\" content=\"index, follow, max-snippet:-1, max-image-preview:large, max-video-preview:-1\" \/>\n<link rel=\"canonical\" href=\"https:\/\/paroisseherblay.fr\/\" \/>\n<meta property=\"og:locale\" content=\"fr_FR\" \/>\n<meta property=\"og:type\" content=\"article\" \/>\n<meta property=\"og:title\" content=\"Accueil - Paroisse d&#039;Herblay-sur-Seine\" \/>\n<meta property=\"og:description\" content=\"&#8211; Acc\u00e8s Trouvez toutes les informations n\u00e9cessaires pour nous rejoindre \u00e0 l&rsquo;\u00e9glise ou \u00e0...\" \/>\n<meta property=\"og:url\" content=\"https:\/\/paroisseherblay.fr\/\" \/>\n<meta property=\"og:site_name\" content=\"Paroisse d&#039;Herblay-sur-Seine\" \/>\n<meta property=\"article:publisher\" content=\"https:\/\/www.facebook.com\/paroisse.dherblay\" \/>\n<meta property=\"article:modified_time\" content=\"2026-01-31T10:24:03+00:00\" \/>\n<meta property=\"og:image\" content=\"https:\/\/paroisseherblay.fr\/wp-content\/uploads\/2023\/11\/eglise.png\" \/>\n\t<meta property=\"og:image:width\" content=\"512\" \/>\n\t<meta property=\"og:image:height\" content=\"512\" \/>\n\t<meta property=\"og:image:type\" content=\"image\/png\" \/>\n<meta name=\"twitter:card\" content=\"summary_large_image\" \/>\n<meta name=\"twitter:label1\" content=\"Dur\u00e9e de lecture estim\u00e9e\" \/>\n\t<meta name=\"twitter:data1\" content=\"2 minutes\" \/>\n<script type=\"application\/ld+json\" class=\"yoast-schema-graph\">{\"@context\":\"https:\\\/\\\/schema.org\",\"@graph\":[{\"@type\":\"WebPage\",\"@id\":\"https:\\\/\\\/paroisseherblay.fr\\\/\",\"url\":\"https:\\\/\\\/paroisseherblay.fr\\\/\",\"name\":\"Accueil - Paroisse d&#039;Herblay-sur-Seine\",\"isPartOf\":{\"@id\":\"https:\\\/\\\/paroisseherblay.fr\\\/#website\"},\"primaryImageOfPage\":{\"@id\":\"https:\\\/\\\/paroisseherblay.fr\\\/#primaryimage\"},\"image\":{\"@id\":\"https:\\\/\\\/paroisseherblay.fr\\\/#primaryimage\"},\"thumbnailUrl\":\"https:\\\/\\\/paroisseherblay.fr\\\/wp-content\\\/uploads\\\/2023\\\/11\\\/eglise.png\",\"datePublished\":\"2023-10-24T13:46:34+00:00\",\"dateModified\":\"2026-01-31T10:24:03+00:00\",\"breadcrumb\":{\"@id\":\"https:\\\/\\\/paroisseherblay.fr\\\/#breadcrumb\"},\"inLanguage\":\"fr-FR\",\"potentialAction\":[{\"@type\":\"ReadAction\",\"target\":[\"https:\\\/\\\/paroisseherblay.fr\\\/\"]}]},{\"@type\":\"ImageObject\",\"inLanguage\":\"fr-FR\",\"@id\":\"https:\\\/\\\/paroisseherblay.fr\\\/#primaryimage\",\"url\":\"https:\\\/\\\/paroisseherblay.fr\\\/wp-content\\\/uploads\\\/2023\\\/11\\\/eglise.png\",\"contentUrl\":\"https:\\\/\\\/paroisseherblay.fr\\\/wp-content\\\/uploads\\\/2023\\\/11\\\/eglise.png\",\"width\":512,\"height\":512},{\"@type\":\"BreadcrumbList\",\"@id\":\"https:\\\/\\\/paroisseherblay.fr\\\/#breadcrumb\",\"itemListElement\":[{\"@type\":\"ListItem\",\"position\":1,\"name\":\"Home\",\"item\":\"https:\\\/\\\/paroisseherblay.fr\\\/\"},{\"@type\":\"ListItem\",\"position\":2,\"name\":\"Accueil\"}]},{\"@type\":\"WebSite\",\"@id\":\"https:\\\/\\\/paroisseherblay.fr\\\/#website\",\"url\":\"https:\\\/\\\/paroisseherblay.fr\\\/\",\"name\":\"Paroisse d'Herblay\",\"description\":\"\",\"publisher\":{\"@id\":\"https:\\\/\\\/paroisseherblay.fr\\\/#organization\"},\"alternateName\":\"ParoisseHerblay\",\"potentialAction\":[{\"@type\":\"SearchAction\",\"target\":{\"@type\":\"EntryPoint\",\"urlTemplate\":\"https:\\\/\\\/paroisseherblay.fr\\\/?s={search_term_string}\"},\"query-input\":{\"@type\":\"PropertyValueSpecification\",\"valueRequired\":true,\"valueName\":\"search_term_string\"}}],\"inLanguage\":\"fr-FR\"},{\"@type\":\"Organization\",\"@id\":\"https:\\\/\\\/paroisseherblay.fr\\\/#organization\",\"name\":\"Paroisse d'Herblay\",\"url\":\"https:\\\/\\\/paroisseherblay.fr\\\/\",\"logo\":{\"@type\":\"ImageObject\",\"inLanguage\":\"fr-FR\",\"@id\":\"https:\\\/\\\/paroisseherblay.fr\\\/#\\\/schema\\\/logo\\\/image\\\/\",\"url\":\"https:\\\/\\\/paroisseherblay.fr\\\/wp-content\\\/uploads\\\/2023\\\/10\\\/logo_paroisse.png\",\"contentUrl\":\"https:\\\/\\\/paroisseherblay.fr\\\/wp-content\\\/uploads\\\/2023\\\/10\\\/logo_paroisse.png\",\"width\":200,\"height\":207,\"caption\":\"Paroisse d'Herblay\"},\"image\":{\"@id\":\"https:\\\/\\\/paroisseherblay.fr\\\/#\\\/schema\\\/logo\\\/image\\\/\"},\"sameAs\":[\"https:\\\/\\\/www.facebook.com\\\/paroisse.dherblay\",\"https:\\\/\\\/www.youtube.com\\\/@paroisseherblay\",\"https:\\\/\\\/www.instagram.com\\\/paroisse.herblay\"]}]}<\/script>\n<!-- \/ Yoast SEO plugin. -->","yoast_head_json":{"title":"Accueil - Paroisse d&#039;Herblay-sur-Seine","robots":{"index":"index","follow":"follow","max-snippet":"max-snippet:-1","max-image-preview":"max-image-preview:large","max-video-preview":"max-video-preview:-1"},"canonical":"https:\/\/paroisseherblay.fr\/","og_locale":"fr_FR","og_type":"article","og_title":"Accueil - Paroisse d&#039;Herblay-sur-Seine","og_description":"&#8211; Acc\u00e8s Trouvez toutes les informations n\u00e9cessaires pour nous rejoindre \u00e0 l&rsquo;\u00e9glise ou \u00e0...","og_url":"https:\/\/paroisseherblay.fr\/","og_site_name":"Paroisse d&#039;Herblay-sur-Seine","article_publisher":"https:\/\/www.facebook.com\/paroisse.dherblay","article_modified_time":"2026-01-31T10:24:03+00:00","og_image":[{"width":512,"height":512,"url":"https:\/\/paroisseherblay.fr\/wp-content\/uploads\/2023\/11\/eglise.png","type":"image\/png"}],"twitter_card":"summary_large_image","twitter_misc":{"Dur\u00e9e de lecture estim\u00e9e":"2 minutes"},"schema":{"@context":"https:\/\/schema.org","@graph":[{"@type":"WebPage","@id":"https:\/\/paroisseherblay.fr\/","url":"https:\/\/paroisseherblay.fr\/","name":"Accueil - Paroisse d&#039;Herblay-sur-Seine","isPartOf":{"@id":"https:\/\/paroisseherblay.fr\/#website"},"primaryImageOfPage":{"@id":"https:\/\/paroisseherblay.fr\/#primaryimage"},"image":{"@id":"https:\/\/paroisseherblay.fr\/#primaryimage"},"thumbnailUrl":"https:\/\/paroisseherblay.fr\/wp-content\/uploads\/2023\/11\/eglise.png","datePublished":"2023-10-24T13:46:34+00:00","dateModified":"2026-01-31T10:24:03+00:00","breadcrumb":{"@id":"https:\/\/paroisseherblay.fr\/#breadcrumb"},"inLanguage":"fr-FR","potentialAction":[{"@type":"ReadAction","target":["https:\/\/paroisseherblay.fr\/"]}]},{"@type":"ImageObject","inLanguage":"fr-FR","@id":"https:\/\/paroisseherblay.fr\/#primaryimage","url":"https:\/\/paroisseherblay.fr\/wp-content\/uploads\/2023\/11\/eglise.png","contentUrl":"https:\/\/paroisseherblay.fr\/wp-content\/uploads\/2023\/11\/eglise.png","width":512,"height":512},{"@type":"BreadcrumbList","@id":"https:\/\/paroisseherblay.fr\/#breadcrumb","itemListElement":[{"@type":"ListItem","position":1,"name":"Home","item":"https:\/\/paroisseherblay.fr\/"},{"@type":"ListItem","position":2,"name":"Accueil"}]},{"@type":"WebSite","@id":"https:\/\/paroisseherblay.fr\/#website","url":"https:\/\/paroisseherblay.fr\/","name":"Paroisse d'Herblay","description":"","publisher":{"@id":"https:\/\/paroisseherblay.fr\/#organization"},"alternateName":"ParoisseHerblay","potentialAction":[{"@type":"SearchAction","target":{"@type":"EntryPoint","urlTemplate":"https:\/\/paroisseherblay.fr\/?s={search_term_string}"},"query-input":{"@type":"PropertyValueSpecification","valueRequired":true,"valueName":"search_term_string"}}],"inLanguage":"fr-FR"},{"@type":"Organization","@id":"https:\/\/paroisseherblay.fr\/#organization","name":"Paroisse d'Herblay","url":"https:\/\/paroisseherblay.fr\/","logo":{"@type":"ImageObject","inLanguage":"fr-FR","@id":"https:\/\/paroisseherblay.fr\/#\/schema\/logo\/image\/","url":"https:\/\/paroisseherblay.fr\/wp-content\/uploads\/2023\/10\/logo_paroisse.png","contentUrl":"https:\/\/paroisseherblay.fr\/wp-content\/uploads\/2023\/10\/logo_paroisse.png","width":200,"height":207,"caption":"Paroisse d'Herblay"},"image":{"@id":"https:\/\/paroisseherblay.fr\/#\/schema\/logo\/image\/"},"sameAs":["https:\/\/www.facebook.com\/paroisse.dherblay","https:\/\/www.youtube.com\/@paroisseherblay","https:\/\/www.instagram.com\/paroisse.herblay"]}]}},"_links":{"self":[{"href":"https:\/\/paroisseherblay.fr\/index.php\/wp-json\/wp\/v2\/pages\/13","targetHints":{"allow":["GET"]}}],"collection":[{"href":"https:\/\/paroisseherblay.fr\/index.php\/wp-json\/wp\/v2\/pages"}],"about":[{"href":"https:\/\/paroisseherblay.fr\/index.php\/wp-json\/wp\/v2\/types\/page"}],"author":[{"embeddable":true,"href":"https:\/\/paroisseherblay.fr\/index.php\/wp-json\/wp\/v2\/users\/1"}],"replies":[{"embeddable":true,"href":"https:\/\/paroisseherblay.fr\/index.php\/wp-json\/wp\/v2\/comments?post=13"}],"version-history":[{"count":122,"href":"https:\/\/paroisseherblay.fr\/index.php\/wp-json\/wp\/v2\/pages\/13\/revisions"}],"predecessor-version":[{"id":2321,"href":"https:\/\/paroisseherblay.fr\/index.php\/wp-json\/wp\/v2\/pages\/13\/revisions\/2321"}],"wp:attachment":[{"href":"https:\/\/paroisseherblay.fr\/index.php\/wp-json\/wp\/v2\/media?parent=13"}],"curies":[{"name":"wp","href":"https:\/\/api.w.org\/{rel}","templated":true}]}}