{"id":64,"date":"2023-10-24T16:34:53","date_gmt":"2023-10-24T14:34:53","guid":{"rendered":"http:\/\/subpynw.cluster028.hosting.ovh.net\/?page_id=64"},"modified":"2025-04-22T20:31:17","modified_gmt":"2025-04-22T18:31:17","slug":"confirmation","status":"publish","type":"page","link":"https:\/\/paroisseherblay.fr\/index.php\/celebrer\/confirmation\/","title":{"rendered":"Confirmation"},"content":{"rendered":"\n<p>Ce sacrement confirme la gr\u00e2ce re\u00e7ue au bapt\u00eame.<br><br>Le baptis\u00e9 est confirm\u00e9 dans l\u2019Esprit Saint comme membre vivant de l\u2019\u00c9glise et devient capable, avec l\u2019aide de l\u2019Esprit saint, de porter t\u00e9moignage de sa foi dans le monde o\u00f9 il vit. Dans le bapt\u00eame, Dieu dit \u00ab&nbsp;viens&nbsp;\u00bb, \u00ab&nbsp;voit&nbsp;\u00bb et \u00ab&nbsp;va&nbsp;\u00bb.<br><br>Cette \u00e9tape de confirmation pour les jeunes est le \u00ab&nbsp;va&nbsp;\u00bb qui engage les jeunes vers leurs fr\u00e8res.<br><br>Dans le rituel, le symbolisme du sacrement de confirmation est l\u2019onction de l\u2019huile ou Saint chr\u00eame qui signifie la croissance du baptis\u00e9 comme pr\u00eatre, proph\u00e8te et roi.<\/p>\n\n\n\n<ul class=\"wp-block-list\">\n<li>Dans le cas du bapt\u00eame d\u2019un adulte, il re\u00e7oit en m\u00eame temps l\u2019eucharistie et la confirmation.<\/li>\n\n\n\n<li>Dans le cas d\u2019un enfant baptis\u00e9 \u00e0 la naissance ou en \u00e2ge scolaire, la confirmation est propos\u00e9e au moment de l\u2019adolescence pour lui laisser le temps de grandir dans la foi et de faire un choix raisonn\u00e9.<\/li>\n<\/ul>\n\n\n\n<p>Le parrain et\/ou la marraine de confirmation peuvent \u00eatre diff\u00e9rents de ceux du bapt\u00eame. Dans tous les cas, ce sont des personnes qui ont re\u00e7u le bapt\u00eame jusqu\u2019\u00e0 sont terme (bapt\u00eame, eucharistie et confirmation).<\/p>\n\n\n\n<p>Recevoir le sacrement de confirmation est un choix personnel que l\u2019on peut faire lorsqu\u2019on est adolescent ou adulte&nbsp;: quand on a compris que l\u2019amour de Dieu re\u00e7u au bapt\u00eame est un tr\u00e9sor que l\u2019on ne peut pas garder pour soi, qu\u2019il faut le partager.<br><br>Ce sacrement est habituellement conf\u00e9r\u00e9 par l\u2019\u00c9v\u00eaque qui est charg\u00e9 de \u00ab&nbsp;confirmer ses fr\u00e8res dans la foi&nbsp;\u00bb.<br><\/p>\n\n\n\n<p class=\"has-text-align-center is-style-default has-rounded-border\"><mark style=\"background-color:var(--colorMain)\" class=\"has-inline-color\"><strong>Pour les jeunes<\/strong><\/mark><\/p>\n\n\n\n<p>La confirmation se pr\u00e9pare en g\u00e9n\u00e9ral en classe de Seconde.<br>La pr\u00e9paration est organis\u00e9e de la fa\u00e7on suivante&nbsp;:<\/p>\n\n\n\n<ul class=\"wp-block-list\">\n<li>Environ une rencontre un dimanche sur trois, permettant des temps d\u2019\u00e9changes privil\u00e9gi\u00e9s pour mieux red\u00e9couvrir et comprendre le miracle de la Pentec\u00f4te dans nos chemins de vie. Ces s\u00e9ances s\u2019ajoutent \u00e0 celles de l\u2019aum\u00f4nerie.<\/li>\n\n\n\n<li>Une retraite (souvent \u00e0 Taiz\u00e9) et une journ\u00e9e de r\u00e9collection pour la pr\u00e9paration de la c\u00e9r\u00e9monie, de la lettre de motivation. C\u2019est aussi l\u2019occasion de partager l\u2019Eucharistie ensemble dans la joie.<\/li>\n\n\n\n<li>Une rencontre avec l\u2019\u00c9v\u00eaque.<\/li>\n<\/ul>\n\n\n\n<p>Pour plus de renseignements contactez <em>P\u00e8re Patrice au <\/em><a href=\"tel:0139971127\" data-type=\"tel\" data-id=\"tel:0616164907\">01 39 97 11 27<\/a>.<br><\/p>\n\n\n\n<p class=\"has-text-align-center is-style-default has-rounded-border\"><mark style=\"background-color:var(--colorMain)\" class=\"has-inline-color\"><strong>Pour les adultes<\/strong><\/mark><\/p>\n\n\n\n<p>Contactez <em>Fran\u00e7oise Vergand au <\/em><a href=\"tel:0616845513\">06 16 84 55 13<\/a> afin d&rsquo;organiser votre confirmation.<\/p>\n\n\n\n<div style=\"height:100px\" aria-hidden=\"true\" class=\"wp-block-spacer\"><\/div>\n\n\n\n<div class=\"wp-block-columns is-layout-flex wp-container-core-columns-is-layout-9d6595d7 wp-block-columns-is-layout-flex\">\n<div class=\"wp-block-column is-layout-flow wp-block-column-is-layout-flow\"><\/div>\n\n\n\n<div class=\"wp-block-column is-layout-flow wp-block-column-is-layout-flow\">\n<figure class=\"wp-block-embed is-type-video is-provider-youtube wp-block-embed-youtube wp-embed-aspect-16-9 wp-has-aspect-ratio\"><div class=\"wp-block-embed__wrapper\">\nhttps:\/\/youtu.be\/cTtQo2i0_IQ\n<\/div><\/figure>\n<\/div>\n\n\n\n<div class=\"wp-block-column is-layout-flow wp-block-column-is-layout-flow\"><\/div>\n<\/div>\n","protected":false},"excerpt":{"rendered":"<p>Ce sacrement confirme la gr\u00e2ce re\u00e7ue au bapt\u00eame. Le baptis\u00e9 est confirm\u00e9 dans l\u2019Esprit<span class=\"more-dots\">&#8230;<\/span><\/p>\n","protected":false},"author":1,"featured_media":0,"parent":470,"menu_order":3,"comment_status":"closed","ping_status":"closed","template":"","meta":{"footnotes":""},"class_list":["post-64","page","type-page","status-publish","hentry","no-post-thumbnail"],"yoast_head":"<!-- This site is optimized with the Yoast SEO plugin v27.4 - https:\/\/yoast.com\/product\/yoast-seo-wordpress\/ -->\n<title>Confirmation - Paroisse d&#039;Herblay-sur-Seine<\/title>\n<meta name=\"robots\" content=\"index, follow, max-snippet:-1, max-image-preview:large, max-video-preview:-1\" \/>\n<link rel=\"canonical\" href=\"https:\/\/paroisseherblay.fr\/index.php\/celebrer\/confirmation\/\" \/>\n<meta property=\"og:locale\" content=\"fr_FR\" \/>\n<meta property=\"og:type\" content=\"article\" \/>\n<meta property=\"og:title\" content=\"Confirmation - Paroisse d&#039;Herblay-sur-Seine\" \/>\n<meta property=\"og:description\" content=\"Ce sacrement confirme la gr\u00e2ce re\u00e7ue au bapt\u00eame. Le baptis\u00e9 est confirm\u00e9 dans l\u2019Esprit...\" \/>\n<meta property=\"og:url\" content=\"https:\/\/paroisseherblay.fr\/index.php\/celebrer\/confirmation\/\" \/>\n<meta property=\"og:site_name\" content=\"Paroisse d&#039;Herblay-sur-Seine\" \/>\n<meta property=\"article:publisher\" content=\"https:\/\/www.facebook.com\/paroisse.dherblay\" \/>\n<meta property=\"article:modified_time\" content=\"2025-04-22T18:31:17+00:00\" \/>\n<meta name=\"twitter:card\" content=\"summary_large_image\" \/>\n<meta name=\"twitter:label1\" content=\"Dur\u00e9e de lecture estim\u00e9e\" \/>\n\t<meta name=\"twitter:data1\" content=\"2 minutes\" \/>\n<script type=\"application\/ld+json\" class=\"yoast-schema-graph\">{\"@context\":\"https:\\\/\\\/schema.org\",\"@graph\":[{\"@type\":\"WebPage\",\"@id\":\"https:\\\/\\\/paroisseherblay.fr\\\/index.php\\\/celebrer\\\/confirmation\\\/\",\"url\":\"https:\\\/\\\/paroisseherblay.fr\\\/index.php\\\/celebrer\\\/confirmation\\\/\",\"name\":\"Confirmation - Paroisse d&#039;Herblay-sur-Seine\",\"isPartOf\":{\"@id\":\"https:\\\/\\\/paroisseherblay.fr\\\/#website\"},\"datePublished\":\"2023-10-24T14:34:53+00:00\",\"dateModified\":\"2025-04-22T18:31:17+00:00\",\"breadcrumb\":{\"@id\":\"https:\\\/\\\/paroisseherblay.fr\\\/index.php\\\/celebrer\\\/confirmation\\\/#breadcrumb\"},\"inLanguage\":\"fr-FR\",\"potentialAction\":[{\"@type\":\"ReadAction\",\"target\":[\"https:\\\/\\\/paroisseherblay.fr\\\/index.php\\\/celebrer\\\/confirmation\\\/\"]}]},{\"@type\":\"BreadcrumbList\",\"@id\":\"https:\\\/\\\/paroisseherblay.fr\\\/index.php\\\/celebrer\\\/confirmation\\\/#breadcrumb\",\"itemListElement\":[{\"@type\":\"ListItem\",\"position\":1,\"name\":\"Home\",\"item\":\"https:\\\/\\\/paroisseherblay.fr\\\/\"},{\"@type\":\"ListItem\",\"position\":2,\"name\":\"C\u00e9l\u00e9brer\",\"item\":\"https:\\\/\\\/paroisseherblay.fr\\\/index.php\\\/celebrer\\\/\"},{\"@type\":\"ListItem\",\"position\":3,\"name\":\"Confirmation\"}]},{\"@type\":\"WebSite\",\"@id\":\"https:\\\/\\\/paroisseherblay.fr\\\/#website\",\"url\":\"https:\\\/\\\/paroisseherblay.fr\\\/\",\"name\":\"Paroisse d'Herblay\",\"description\":\"\",\"publisher\":{\"@id\":\"https:\\\/\\\/paroisseherblay.fr\\\/#organization\"},\"alternateName\":\"ParoisseHerblay\",\"potentialAction\":[{\"@type\":\"SearchAction\",\"target\":{\"@type\":\"EntryPoint\",\"urlTemplate\":\"https:\\\/\\\/paroisseherblay.fr\\\/?s={search_term_string}\"},\"query-input\":{\"@type\":\"PropertyValueSpecification\",\"valueRequired\":true,\"valueName\":\"search_term_string\"}}],\"inLanguage\":\"fr-FR\"},{\"@type\":\"Organization\",\"@id\":\"https:\\\/\\\/paroisseherblay.fr\\\/#organization\",\"name\":\"Paroisse d'Herblay\",\"url\":\"https:\\\/\\\/paroisseherblay.fr\\\/\",\"logo\":{\"@type\":\"ImageObject\",\"inLanguage\":\"fr-FR\",\"@id\":\"https:\\\/\\\/paroisseherblay.fr\\\/#\\\/schema\\\/logo\\\/image\\\/\",\"url\":\"https:\\\/\\\/paroisseherblay.fr\\\/wp-content\\\/uploads\\\/2023\\\/10\\\/logo_paroisse.png\",\"contentUrl\":\"https:\\\/\\\/paroisseherblay.fr\\\/wp-content\\\/uploads\\\/2023\\\/10\\\/logo_paroisse.png\",\"width\":200,\"height\":207,\"caption\":\"Paroisse d'Herblay\"},\"image\":{\"@id\":\"https:\\\/\\\/paroisseherblay.fr\\\/#\\\/schema\\\/logo\\\/image\\\/\"},\"sameAs\":[\"https:\\\/\\\/www.facebook.com\\\/paroisse.dherblay\",\"https:\\\/\\\/www.youtube.com\\\/@paroisseherblay\",\"https:\\\/\\\/www.instagram.com\\\/paroisse.herblay\"]}]}<\/script>\n<!-- \/ Yoast SEO plugin. -->","yoast_head_json":{"title":"Confirmation - Paroisse d&#039;Herblay-sur-Seine","robots":{"index":"index","follow":"follow","max-snippet":"max-snippet:-1","max-image-preview":"max-image-preview:large","max-video-preview":"max-video-preview:-1"},"canonical":"https:\/\/paroisseherblay.fr\/index.php\/celebrer\/confirmation\/","og_locale":"fr_FR","og_type":"article","og_title":"Confirmation - Paroisse d&#039;Herblay-sur-Seine","og_description":"Ce sacrement confirme la gr\u00e2ce re\u00e7ue au bapt\u00eame. Le baptis\u00e9 est confirm\u00e9 dans l\u2019Esprit...","og_url":"https:\/\/paroisseherblay.fr\/index.php\/celebrer\/confirmation\/","og_site_name":"Paroisse d&#039;Herblay-sur-Seine","article_publisher":"https:\/\/www.facebook.com\/paroisse.dherblay","article_modified_time":"2025-04-22T18:31:17+00:00","twitter_card":"summary_large_image","twitter_misc":{"Dur\u00e9e de lecture estim\u00e9e":"2 minutes"},"schema":{"@context":"https:\/\/schema.org","@graph":[{"@type":"WebPage","@id":"https:\/\/paroisseherblay.fr\/index.php\/celebrer\/confirmation\/","url":"https:\/\/paroisseherblay.fr\/index.php\/celebrer\/confirmation\/","name":"Confirmation - Paroisse d&#039;Herblay-sur-Seine","isPartOf":{"@id":"https:\/\/paroisseherblay.fr\/#website"},"datePublished":"2023-10-24T14:34:53+00:00","dateModified":"2025-04-22T18:31:17+00:00","breadcrumb":{"@id":"https:\/\/paroisseherblay.fr\/index.php\/celebrer\/confirmation\/#breadcrumb"},"inLanguage":"fr-FR","potentialAction":[{"@type":"ReadAction","target":["https:\/\/paroisseherblay.fr\/index.php\/celebrer\/confirmation\/"]}]},{"@type":"BreadcrumbList","@id":"https:\/\/paroisseherblay.fr\/index.php\/celebrer\/confirmation\/#breadcrumb","itemListElement":[{"@type":"ListItem","position":1,"name":"Home","item":"https:\/\/paroisseherblay.fr\/"},{"@type":"ListItem","position":2,"name":"C\u00e9l\u00e9brer","item":"https:\/\/paroisseherblay.fr\/index.php\/celebrer\/"},{"@type":"ListItem","position":3,"name":"Confirmation"}]},{"@type":"WebSite","@id":"https:\/\/paroisseherblay.fr\/#website","url":"https:\/\/paroisseherblay.fr\/","name":"Paroisse d'Herblay","description":"","publisher":{"@id":"https:\/\/paroisseherblay.fr\/#organization"},"alternateName":"ParoisseHerblay","potentialAction":[{"@type":"SearchAction","target":{"@type":"EntryPoint","urlTemplate":"https:\/\/paroisseherblay.fr\/?s={search_term_string}"},"query-input":{"@type":"PropertyValueSpecification","valueRequired":true,"valueName":"search_term_string"}}],"inLanguage":"fr-FR"},{"@type":"Organization","@id":"https:\/\/paroisseherblay.fr\/#organization","name":"Paroisse d'Herblay","url":"https:\/\/paroisseherblay.fr\/","logo":{"@type":"ImageObject","inLanguage":"fr-FR","@id":"https:\/\/paroisseherblay.fr\/#\/schema\/logo\/image\/","url":"https:\/\/paroisseherblay.fr\/wp-content\/uploads\/2023\/10\/logo_paroisse.png","contentUrl":"https:\/\/paroisseherblay.fr\/wp-content\/uploads\/2023\/10\/logo_paroisse.png","width":200,"height":207,"caption":"Paroisse d'Herblay"},"image":{"@id":"https:\/\/paroisseherblay.fr\/#\/schema\/logo\/image\/"},"sameAs":["https:\/\/www.facebook.com\/paroisse.dherblay","https:\/\/www.youtube.com\/@paroisseherblay","https:\/\/www.instagram.com\/paroisse.herblay"]}]}},"_links":{"self":[{"href":"https:\/\/paroisseherblay.fr\/index.php\/wp-json\/wp\/v2\/pages\/64","targetHints":{"allow":["GET"]}}],"collection":[{"href":"https:\/\/paroisseherblay.fr\/index.php\/wp-json\/wp\/v2\/pages"}],"about":[{"href":"https:\/\/paroisseherblay.fr\/index.php\/wp-json\/wp\/v2\/types\/page"}],"author":[{"embeddable":true,"href":"https:\/\/paroisseherblay.fr\/index.php\/wp-json\/wp\/v2\/users\/1"}],"replies":[{"embeddable":true,"href":"https:\/\/paroisseherblay.fr\/index.php\/wp-json\/wp\/v2\/comments?post=64"}],"version-history":[{"count":12,"href":"https:\/\/paroisseherblay.fr\/index.php\/wp-json\/wp\/v2\/pages\/64\/revisions"}],"predecessor-version":[{"id":2017,"href":"https:\/\/paroisseherblay.fr\/index.php\/wp-json\/wp\/v2\/pages\/64\/revisions\/2017"}],"up":[{"embeddable":true,"href":"https:\/\/paroisseherblay.fr\/index.php\/wp-json\/wp\/v2\/pages\/470"}],"wp:attachment":[{"href":"https:\/\/paroisseherblay.fr\/index.php\/wp-json\/wp\/v2\/media?parent=64"}],"curies":[{"name":"wp","href":"https:\/\/api.w.org\/{rel}","templated":true}]}}