{"id":76,"date":"2023-10-24T16:38:52","date_gmt":"2023-10-24T14:38:52","guid":{"rendered":"http:\/\/subpynw.cluster028.hosting.ovh.net\/?page_id=76"},"modified":"2023-11-02T22:47:28","modified_gmt":"2023-11-02T21:47:28","slug":"obseques","status":"publish","type":"page","link":"https:\/\/paroisseherblay.fr\/index.php\/celebrer\/obseques\/","title":{"rendered":"Obs\u00e8ques"},"content":{"rendered":"\n<blockquote class=\"wp-block-quote is-layout-flow wp-block-quote-is-layout-flow\">\n<p><em>\u00ab&nbsp;Nous sommes l\u2019\u00c9glise dans le quotidien de la vie des hommes. L\u2019\u00c9glise qui \u00e9coute et qui prie, qui accueille et visite\u2026pleure, rit, chante, encourage, soigne, sert \u2026 \u00bb<\/em><\/p>\n<cite>Mgr Herv\u00e9 Renaudin (ancien \u00e9v\u00eaque de Pontoise)<\/cite><\/blockquote>\n\n\n\n<p>Apr\u00e8s avoir contact\u00e9 les pompes fun\u00e8bres, il faut appeler&nbsp;<a href=\"https:\/\/paroisseherblay.fr\/index.php\/contacts\/\" data-type=\"page\" data-id=\"16\">le secr\u00e9tariat de la paroisse<\/a>&nbsp;pour organiser la c\u00e9r\u00e9monie des obs\u00e8ques.<\/p>\n\n\n\n<p>Depuis 2010, une \u00e9quipe de soutien des familles en Deuil a \u00e9t\u00e9 form\u00e9e.<\/p>\n\n\n\n<p>Ce n\u2019est donc plus seulement le pr\u00eatre, mais aussi des chr\u00e9tiens missionn\u00e9s \u00e0 cet effet qui rendent ce service de compassion et d\u2019esp\u00e9rance aupr\u00e8s des familles \u00e9prouv\u00e9es par un deuil. Ils assurent les accueils des familles et la c\u00e9l\u00e9bration des fun\u00e9railles.<\/p>\n\n\n\n<p>Bien \u00e9videmment, dans les cas o\u00f9 le d\u00e9c\u00e8s est pr\u00e9visible \u00e0 bref d\u00e9lai, c\u2019est le pr\u00eatre qui vient donner les derniers sacrements.<\/p>\n\n\n\n<p><strong><em>NB : La paroisse recherche pour les ann\u00e9es qui viennent, des personnes qui se rendront disponibles environ une fois par semaine pour aider aux c\u00e9l\u00e9brations des obs\u00e8ques (pr\u00e9paration de l\u2019\u00e9glise, sono, lectures etc.). Merci de contacter la paroisse.<\/em><\/strong><\/p>\n\n\n\n<p>Pour aller plus loin :<\/p>\n\n\n\n<ul class=\"wp-block-list\">\n<li style=\"line-height:2.5\">Textes bibliques sur la r\u00e9surrection et la vie \u00e9ternelle<\/li>\n\n\n\n<li style=\"line-height:2.5\">Entretien et pr\u00e9paration \u00e0 la c\u00e9r\u00e9monie<\/li>\n\n\n\n<li style=\"line-height:2.5\">Pr\u00e9sentation de l&rsquo;\u00e9quipe \u00e0 votre service<\/li>\n<\/ul>\n","protected":false},"excerpt":{"rendered":"<p>\u00ab&nbsp;Nous sommes l\u2019\u00c9glise dans le quotidien de la vie des hommes. L\u2019\u00c9glise qui \u00e9coute<span class=\"more-dots\">&#8230;<\/span><\/p>\n","protected":false},"author":1,"featured_media":0,"parent":470,"menu_order":8,"comment_status":"closed","ping_status":"closed","template":"","meta":{"footnotes":""},"class_list":["post-76","page","type-page","status-publish","hentry","no-post-thumbnail"],"yoast_head":"<!-- This site is optimized with the Yoast SEO plugin v27.4 - https:\/\/yoast.com\/product\/yoast-seo-wordpress\/ -->\n<title>Obs\u00e8ques - Paroisse d&#039;Herblay-sur-Seine<\/title>\n<meta name=\"robots\" content=\"index, follow, max-snippet:-1, max-image-preview:large, max-video-preview:-1\" \/>\n<link rel=\"canonical\" href=\"https:\/\/paroisseherblay.fr\/index.php\/celebrer\/obseques\/\" \/>\n<meta property=\"og:locale\" content=\"fr_FR\" \/>\n<meta property=\"og:type\" content=\"article\" \/>\n<meta property=\"og:title\" content=\"Obs\u00e8ques - Paroisse d&#039;Herblay-sur-Seine\" \/>\n<meta property=\"og:description\" content=\"\u00ab&nbsp;Nous sommes l\u2019\u00c9glise dans le quotidien de la vie des hommes. L\u2019\u00c9glise qui \u00e9coute...\" \/>\n<meta property=\"og:url\" content=\"https:\/\/paroisseherblay.fr\/index.php\/celebrer\/obseques\/\" \/>\n<meta property=\"og:site_name\" content=\"Paroisse d&#039;Herblay-sur-Seine\" \/>\n<meta property=\"article:publisher\" content=\"https:\/\/www.facebook.com\/paroisse.dherblay\" \/>\n<meta property=\"article:modified_time\" content=\"2023-11-02T21:47:28+00:00\" \/>\n<meta name=\"twitter:card\" content=\"summary_large_image\" \/>\n<meta name=\"twitter:label1\" content=\"Dur\u00e9e de lecture estim\u00e9e\" \/>\n\t<meta name=\"twitter:data1\" content=\"1 minute\" \/>\n<script type=\"application\/ld+json\" class=\"yoast-schema-graph\">{\"@context\":\"https:\\\/\\\/schema.org\",\"@graph\":[{\"@type\":\"WebPage\",\"@id\":\"https:\\\/\\\/paroisseherblay.fr\\\/index.php\\\/celebrer\\\/obseques\\\/\",\"url\":\"https:\\\/\\\/paroisseherblay.fr\\\/index.php\\\/celebrer\\\/obseques\\\/\",\"name\":\"Obs\u00e8ques - Paroisse d&#039;Herblay-sur-Seine\",\"isPartOf\":{\"@id\":\"https:\\\/\\\/paroisseherblay.fr\\\/#website\"},\"datePublished\":\"2023-10-24T14:38:52+00:00\",\"dateModified\":\"2023-11-02T21:47:28+00:00\",\"breadcrumb\":{\"@id\":\"https:\\\/\\\/paroisseherblay.fr\\\/index.php\\\/celebrer\\\/obseques\\\/#breadcrumb\"},\"inLanguage\":\"fr-FR\",\"potentialAction\":[{\"@type\":\"ReadAction\",\"target\":[\"https:\\\/\\\/paroisseherblay.fr\\\/index.php\\\/celebrer\\\/obseques\\\/\"]}]},{\"@type\":\"BreadcrumbList\",\"@id\":\"https:\\\/\\\/paroisseherblay.fr\\\/index.php\\\/celebrer\\\/obseques\\\/#breadcrumb\",\"itemListElement\":[{\"@type\":\"ListItem\",\"position\":1,\"name\":\"Home\",\"item\":\"https:\\\/\\\/paroisseherblay.fr\\\/\"},{\"@type\":\"ListItem\",\"position\":2,\"name\":\"C\u00e9l\u00e9brer\",\"item\":\"https:\\\/\\\/paroisseherblay.fr\\\/index.php\\\/celebrer\\\/\"},{\"@type\":\"ListItem\",\"position\":3,\"name\":\"Obs\u00e8ques\"}]},{\"@type\":\"WebSite\",\"@id\":\"https:\\\/\\\/paroisseherblay.fr\\\/#website\",\"url\":\"https:\\\/\\\/paroisseherblay.fr\\\/\",\"name\":\"Paroisse d'Herblay\",\"description\":\"\",\"publisher\":{\"@id\":\"https:\\\/\\\/paroisseherblay.fr\\\/#organization\"},\"alternateName\":\"ParoisseHerblay\",\"potentialAction\":[{\"@type\":\"SearchAction\",\"target\":{\"@type\":\"EntryPoint\",\"urlTemplate\":\"https:\\\/\\\/paroisseherblay.fr\\\/?s={search_term_string}\"},\"query-input\":{\"@type\":\"PropertyValueSpecification\",\"valueRequired\":true,\"valueName\":\"search_term_string\"}}],\"inLanguage\":\"fr-FR\"},{\"@type\":\"Organization\",\"@id\":\"https:\\\/\\\/paroisseherblay.fr\\\/#organization\",\"name\":\"Paroisse d'Herblay\",\"url\":\"https:\\\/\\\/paroisseherblay.fr\\\/\",\"logo\":{\"@type\":\"ImageObject\",\"inLanguage\":\"fr-FR\",\"@id\":\"https:\\\/\\\/paroisseherblay.fr\\\/#\\\/schema\\\/logo\\\/image\\\/\",\"url\":\"https:\\\/\\\/paroisseherblay.fr\\\/wp-content\\\/uploads\\\/2023\\\/10\\\/logo_paroisse.png\",\"contentUrl\":\"https:\\\/\\\/paroisseherblay.fr\\\/wp-content\\\/uploads\\\/2023\\\/10\\\/logo_paroisse.png\",\"width\":200,\"height\":207,\"caption\":\"Paroisse d'Herblay\"},\"image\":{\"@id\":\"https:\\\/\\\/paroisseherblay.fr\\\/#\\\/schema\\\/logo\\\/image\\\/\"},\"sameAs\":[\"https:\\\/\\\/www.facebook.com\\\/paroisse.dherblay\",\"https:\\\/\\\/www.youtube.com\\\/@paroisseherblay\",\"https:\\\/\\\/www.instagram.com\\\/paroisse.herblay\"]}]}<\/script>\n<!-- \/ Yoast SEO plugin. -->","yoast_head_json":{"title":"Obs\u00e8ques - Paroisse d&#039;Herblay-sur-Seine","robots":{"index":"index","follow":"follow","max-snippet":"max-snippet:-1","max-image-preview":"max-image-preview:large","max-video-preview":"max-video-preview:-1"},"canonical":"https:\/\/paroisseherblay.fr\/index.php\/celebrer\/obseques\/","og_locale":"fr_FR","og_type":"article","og_title":"Obs\u00e8ques - Paroisse d&#039;Herblay-sur-Seine","og_description":"\u00ab&nbsp;Nous sommes l\u2019\u00c9glise dans le quotidien de la vie des hommes. L\u2019\u00c9glise qui \u00e9coute...","og_url":"https:\/\/paroisseherblay.fr\/index.php\/celebrer\/obseques\/","og_site_name":"Paroisse d&#039;Herblay-sur-Seine","article_publisher":"https:\/\/www.facebook.com\/paroisse.dherblay","article_modified_time":"2023-11-02T21:47:28+00:00","twitter_card":"summary_large_image","twitter_misc":{"Dur\u00e9e de lecture estim\u00e9e":"1 minute"},"schema":{"@context":"https:\/\/schema.org","@graph":[{"@type":"WebPage","@id":"https:\/\/paroisseherblay.fr\/index.php\/celebrer\/obseques\/","url":"https:\/\/paroisseherblay.fr\/index.php\/celebrer\/obseques\/","name":"Obs\u00e8ques - Paroisse d&#039;Herblay-sur-Seine","isPartOf":{"@id":"https:\/\/paroisseherblay.fr\/#website"},"datePublished":"2023-10-24T14:38:52+00:00","dateModified":"2023-11-02T21:47:28+00:00","breadcrumb":{"@id":"https:\/\/paroisseherblay.fr\/index.php\/celebrer\/obseques\/#breadcrumb"},"inLanguage":"fr-FR","potentialAction":[{"@type":"ReadAction","target":["https:\/\/paroisseherblay.fr\/index.php\/celebrer\/obseques\/"]}]},{"@type":"BreadcrumbList","@id":"https:\/\/paroisseherblay.fr\/index.php\/celebrer\/obseques\/#breadcrumb","itemListElement":[{"@type":"ListItem","position":1,"name":"Home","item":"https:\/\/paroisseherblay.fr\/"},{"@type":"ListItem","position":2,"name":"C\u00e9l\u00e9brer","item":"https:\/\/paroisseherblay.fr\/index.php\/celebrer\/"},{"@type":"ListItem","position":3,"name":"Obs\u00e8ques"}]},{"@type":"WebSite","@id":"https:\/\/paroisseherblay.fr\/#website","url":"https:\/\/paroisseherblay.fr\/","name":"Paroisse d'Herblay","description":"","publisher":{"@id":"https:\/\/paroisseherblay.fr\/#organization"},"alternateName":"ParoisseHerblay","potentialAction":[{"@type":"SearchAction","target":{"@type":"EntryPoint","urlTemplate":"https:\/\/paroisseherblay.fr\/?s={search_term_string}"},"query-input":{"@type":"PropertyValueSpecification","valueRequired":true,"valueName":"search_term_string"}}],"inLanguage":"fr-FR"},{"@type":"Organization","@id":"https:\/\/paroisseherblay.fr\/#organization","name":"Paroisse d'Herblay","url":"https:\/\/paroisseherblay.fr\/","logo":{"@type":"ImageObject","inLanguage":"fr-FR","@id":"https:\/\/paroisseherblay.fr\/#\/schema\/logo\/image\/","url":"https:\/\/paroisseherblay.fr\/wp-content\/uploads\/2023\/10\/logo_paroisse.png","contentUrl":"https:\/\/paroisseherblay.fr\/wp-content\/uploads\/2023\/10\/logo_paroisse.png","width":200,"height":207,"caption":"Paroisse d'Herblay"},"image":{"@id":"https:\/\/paroisseherblay.fr\/#\/schema\/logo\/image\/"},"sameAs":["https:\/\/www.facebook.com\/paroisse.dherblay","https:\/\/www.youtube.com\/@paroisseherblay","https:\/\/www.instagram.com\/paroisse.herblay"]}]}},"_links":{"self":[{"href":"https:\/\/paroisseherblay.fr\/index.php\/wp-json\/wp\/v2\/pages\/76","targetHints":{"allow":["GET"]}}],"collection":[{"href":"https:\/\/paroisseherblay.fr\/index.php\/wp-json\/wp\/v2\/pages"}],"about":[{"href":"https:\/\/paroisseherblay.fr\/index.php\/wp-json\/wp\/v2\/types\/page"}],"author":[{"embeddable":true,"href":"https:\/\/paroisseherblay.fr\/index.php\/wp-json\/wp\/v2\/users\/1"}],"replies":[{"embeddable":true,"href":"https:\/\/paroisseherblay.fr\/index.php\/wp-json\/wp\/v2\/comments?post=76"}],"version-history":[{"count":7,"href":"https:\/\/paroisseherblay.fr\/index.php\/wp-json\/wp\/v2\/pages\/76\/revisions"}],"predecessor-version":[{"id":909,"href":"https:\/\/paroisseherblay.fr\/index.php\/wp-json\/wp\/v2\/pages\/76\/revisions\/909"}],"up":[{"embeddable":true,"href":"https:\/\/paroisseherblay.fr\/index.php\/wp-json\/wp\/v2\/pages\/470"}],"wp:attachment":[{"href":"https:\/\/paroisseherblay.fr\/index.php\/wp-json\/wp\/v2\/media?parent=76"}],"curies":[{"name":"wp","href":"https:\/\/api.w.org\/{rel}","templated":true}]}}