{"id":872,"date":"2023-11-01T19:49:24","date_gmt":"2023-11-01T18:49:24","guid":{"rendered":"http:\/\/subpynw.cluster028.hosting.ovh.net\/?page_id=872"},"modified":"2023-11-03T11:32:33","modified_gmt":"2023-11-03T10:32:33","slug":"foi-et-lumiere","status":"publish","type":"page","link":"https:\/\/paroisseherblay.fr\/index.php\/servir\/service-du-frere\/foi-et-lumiere\/","title":{"rendered":"Foi et lumi\u00e8re"},"content":{"rendered":"\n<h5 class=\"wp-block-heading\">Foi et Lumi\u00e8re est un mouvement d\u2019Eglise qui s\u2019adresse \u00e0 des personnes porteuses d\u2019un handicap mental, \u00e0 leurs parents et \u00e0 des amis.<\/h5>\n\n\n\n<p><strong>Une rencontre mensuelle<\/strong> permet \u00e0 chacun et chacune de s\u2019apporter mutuellement, de se retrouver pour un temps d\u2019\u00e9change, de partage, de f\u00eate et de pri\u00e8re. Le but est d\u2019accueillir la personne fragile afin qu\u2019elle soit reconnue et aim\u00e9e telle qu\u2019elle est.<\/p>\n\n\n\n<figure class=\"wp-block-image aligncenter size-full\"><img loading=\"lazy\" decoding=\"async\" width=\"223\" height=\"226\" src=\"https:\/\/paroisseherblay.fr\/wp-content\/uploads\/2023\/11\/image-3.png\" alt=\"\" class=\"wp-image-878\"\/><\/figure>\n\n\n\n<h3 class=\"wp-block-heading\">Apr\u00e8s un p\u00e8lerinage \u00e0 Lourdes<\/h3>\n\n\n\n<p>En 1971 eut lieu \u00e0 Lourdes le premier p\u00e8lerinage international des handicap\u00e9s et de leur famille. Apr\u00e8s cette rencontre exceptionnelle, chacun voulait pouvoir continuer partager avec d\u2019autres une v\u00e9ritable amiti\u00e9. C\u2019est ainsi que sont n\u00e9es les communaut\u00e9s de rencontre Foi et lumi\u00e8re, \u00e0 l\u2019initiative de Marie-H\u00e9l\u00e8ne Mathieu, fondatrice de&nbsp;<a href=\"http:\/\/www.och.asso.fr\/\">l\u2019Office chr\u00e9tien des handicap\u00e9s (OCH)<\/a>&nbsp;et de&nbsp;<a href=\"http:\/\/fr.wikipedia.org\/wiki\/Jean_Vanier\">Jean Vanier<\/a>, fondateur des&nbsp;<a href=\"http:\/\/www.arche-france.org\/\">communaut\u00e9s de l\u2019Arche<\/a>.&nbsp;<br>On compte \u00e0 pr\u00e9sent pr\u00e8s de 1 800 communaut\u00e9s \u00e0 travers le monde.<\/p>\n\n\n\n<h3 class=\"wp-block-heading\">Amiti\u00e9, Partage, F\u00eate, C\u00e9l\u00e9bration, Pri\u00e8re\u2026<\/h3>\n\n\n\n<p>Chaque communaut\u00e9 est constitu\u00e9e d\u2019enfants et d\u2019adultes handicap\u00e9s mentaux, de leurs parents et amis. Elle regroupe une trentaine de membres, qui se r\u00e9unissent une fois par mois au moins pour une rencontre d\u2019amiti\u00e9 et de partage, de f\u00eate, de c\u00e9l\u00e9bration et de pri\u00e8re.<\/p>\n\n\n\n<h3 class=\"wp-block-heading\">Ni seul, ni inutile&nbsp;!<\/h3>\n\n\n\n<p>Au moment o\u00f9 beaucoup d\u2019enfants avec un handicap sont supprim\u00e9s avant ou au moment de leur naissance, d\u2019autres abandonn\u00e9s, Foi et lumi\u00e8re veut \u00eatre t\u00e9moin de la Tendresse de Dieu pour eux et leur famille&nbsp;: toute personne, m\u00eame la plus d\u00e9munie, es appel\u00e9e \u00e0 \u00eatre source de joie et de paix dans l\u2019Eglise et dans le monde.<\/p>\n\n\n\n<figure class=\"wp-block-pullquote\"><blockquote><p><em>\u00ab&nbsp;Une des vocations de Foi et lumi\u00e8re est de faire sentir \u00e0 la personne handicap\u00e9e, qu\u2019elle n\u2019est jamais ni seule ni inutile.&nbsp;\u00bb<\/em> <\/p><cite>Jean-Paul II<\/cite><\/blockquote><\/figure>\n\n\n\n<hr class=\"wp-block-separator has-alpha-channel-opacity\"\/>\n\n\n\n<h3 class=\"wp-block-heading\">Notre Communaut\u00e9&nbsp;: \u00ab&nbsp;Espoir et Amiti\u00e9&nbsp;\u00bb Un chemin de Rencontre, de Partage, d\u2019ETRE ensemble&nbsp;!<\/h3>\n\n\n\n<p>\u25ba Depuis 1981, la Communaut\u00e9 \u00ab&nbsp;Espoir et Amiti\u00e9&nbsp;\u00bb\u2026<\/p>\n\n\n\n<ul class=\"wp-block-list\">\n<li>Nous sommes une trentaine de membres&nbsp;: Personnes handicap\u00e9es mentales et physiques, Parents et Amis.<\/li>\n\n\n\n<li>Nous venons de diff\u00e9rentes communes du d\u00e9partement&nbsp;: Bouff\u00e9mont, Domont, Montmorency, Montigny, Sannois, Herblay, Cormeilles\u2026<\/li>\n\n\n\n<li>Nous nous rencontrons un Dimanche par mois et cette journ\u00e9e est rythm\u00e9e par&nbsp;:<br>* Le temps de la C\u00e9l\u00e9bration Eucharistique en Paroisse.<br>* Le temps du repas avec confidences, sourires complices et bougies d\u2019anniversaires.<br>* Le temps de la r\u00e9flexion et du partage sur le th\u00e8me mensuel propos\u00e9 par \u00ab&nbsp;le carnet de route&nbsp;\u00bb.<br>* Le temps de la pri\u00e8re qui cl\u00f4ture la journ\u00e9e dans l\u2019action de gr\u00e2ce.<\/li>\n<\/ul>\n\n\n\n<p>\u25ba Le faible qui nous enseigne&nbsp;!<br>Sur ce chemin de rencontre, de partage et d\u2019ETRE ENSEMBLE, des liens d\u2019amiti\u00e9 se tissent. Nous d\u00e9couvrons la relation authentique avec la personne handicap\u00e9e, elle, qui sait donner simplement,&nbsp;<br>spontan\u00e9ment, gratuitement et en abondance, l\u2019Amour m\u00eame du Christ qui d\u00e9borde de son c\u0153ur.<\/p>\n\n\n\n<p>C\u2019est-ce qui fait que ces journ\u00e9es, rythm\u00e9es toujours pareilles, restent \u00e0 chaque fois exceptionnelles&nbsp;!<\/p>\n\n\n\n<p class=\"has-main-3-color has-text-color\"><a rel=\"noreferrer noopener\" href=\"http:\/\/www.foietlumiere.org\/\" target=\"_blank\"><strong>Foi et Lumi\u00e8re<\/strong><\/a><\/p>\n","protected":false},"excerpt":{"rendered":"<p>Foi et Lumi\u00e8re est un mouvement d\u2019Eglise qui s\u2019adresse \u00e0 des personnes porteuses d\u2019un<span class=\"more-dots\">&#8230;<\/span><\/p>\n","protected":false},"author":2,"featured_media":0,"parent":499,"menu_order":0,"comment_status":"closed","ping_status":"closed","template":"","meta":{"footnotes":""},"class_list":["post-872","page","type-page","status-publish","hentry","no-post-thumbnail"],"yoast_head":"<!-- This site is optimized with the Yoast SEO plugin v27.4 - https:\/\/yoast.com\/product\/yoast-seo-wordpress\/ -->\n<title>Foi et lumi\u00e8re - Paroisse d&#039;Herblay-sur-Seine<\/title>\n<meta name=\"robots\" content=\"index, follow, max-snippet:-1, max-image-preview:large, max-video-preview:-1\" \/>\n<link rel=\"canonical\" href=\"https:\/\/paroisseherblay.fr\/index.php\/servir\/service-du-frere\/foi-et-lumiere\/\" \/>\n<meta property=\"og:locale\" content=\"fr_FR\" \/>\n<meta property=\"og:type\" content=\"article\" \/>\n<meta property=\"og:title\" content=\"Foi et lumi\u00e8re - Paroisse d&#039;Herblay-sur-Seine\" \/>\n<meta property=\"og:description\" content=\"Foi et Lumi\u00e8re est un mouvement d\u2019Eglise qui s\u2019adresse \u00e0 des personnes porteuses d\u2019un...\" \/>\n<meta property=\"og:url\" content=\"https:\/\/paroisseherblay.fr\/index.php\/servir\/service-du-frere\/foi-et-lumiere\/\" \/>\n<meta property=\"og:site_name\" content=\"Paroisse d&#039;Herblay-sur-Seine\" \/>\n<meta property=\"article:publisher\" content=\"https:\/\/www.facebook.com\/paroisse.dherblay\" \/>\n<meta property=\"article:modified_time\" content=\"2023-11-03T10:32:33+00:00\" \/>\n<meta property=\"og:image\" content=\"https:\/\/paroisseherblay.fr\/wp-content\/uploads\/2023\/11\/image-3.png\" \/>\n<meta name=\"twitter:card\" content=\"summary_large_image\" \/>\n<meta name=\"twitter:label1\" content=\"Dur\u00e9e de lecture estim\u00e9e\" \/>\n\t<meta name=\"twitter:data1\" content=\"3 minutes\" \/>\n<script type=\"application\/ld+json\" class=\"yoast-schema-graph\">{\"@context\":\"https:\\\/\\\/schema.org\",\"@graph\":[{\"@type\":\"WebPage\",\"@id\":\"https:\\\/\\\/paroisseherblay.fr\\\/index.php\\\/servir\\\/service-du-frere\\\/foi-et-lumiere\\\/\",\"url\":\"https:\\\/\\\/paroisseherblay.fr\\\/index.php\\\/servir\\\/service-du-frere\\\/foi-et-lumiere\\\/\",\"name\":\"Foi et lumi\u00e8re - Paroisse d&#039;Herblay-sur-Seine\",\"isPartOf\":{\"@id\":\"https:\\\/\\\/paroisseherblay.fr\\\/#website\"},\"primaryImageOfPage\":{\"@id\":\"https:\\\/\\\/paroisseherblay.fr\\\/index.php\\\/servir\\\/service-du-frere\\\/foi-et-lumiere\\\/#primaryimage\"},\"image\":{\"@id\":\"https:\\\/\\\/paroisseherblay.fr\\\/index.php\\\/servir\\\/service-du-frere\\\/foi-et-lumiere\\\/#primaryimage\"},\"thumbnailUrl\":\"https:\\\/\\\/paroisseherblay.fr\\\/wp-content\\\/uploads\\\/2023\\\/11\\\/image-3.png\",\"datePublished\":\"2023-11-01T18:49:24+00:00\",\"dateModified\":\"2023-11-03T10:32:33+00:00\",\"breadcrumb\":{\"@id\":\"https:\\\/\\\/paroisseherblay.fr\\\/index.php\\\/servir\\\/service-du-frere\\\/foi-et-lumiere\\\/#breadcrumb\"},\"inLanguage\":\"fr-FR\",\"potentialAction\":[{\"@type\":\"ReadAction\",\"target\":[\"https:\\\/\\\/paroisseherblay.fr\\\/index.php\\\/servir\\\/service-du-frere\\\/foi-et-lumiere\\\/\"]}]},{\"@type\":\"ImageObject\",\"inLanguage\":\"fr-FR\",\"@id\":\"https:\\\/\\\/paroisseherblay.fr\\\/index.php\\\/servir\\\/service-du-frere\\\/foi-et-lumiere\\\/#primaryimage\",\"url\":\"https:\\\/\\\/paroisseherblay.fr\\\/wp-content\\\/uploads\\\/2023\\\/11\\\/image-3.png\",\"contentUrl\":\"https:\\\/\\\/paroisseherblay.fr\\\/wp-content\\\/uploads\\\/2023\\\/11\\\/image-3.png\",\"width\":223,\"height\":226},{\"@type\":\"BreadcrumbList\",\"@id\":\"https:\\\/\\\/paroisseherblay.fr\\\/index.php\\\/servir\\\/service-du-frere\\\/foi-et-lumiere\\\/#breadcrumb\",\"itemListElement\":[{\"@type\":\"ListItem\",\"position\":1,\"name\":\"Home\",\"item\":\"https:\\\/\\\/paroisseherblay.fr\\\/\"},{\"@type\":\"ListItem\",\"position\":2,\"name\":\"Servir\",\"item\":\"https:\\\/\\\/paroisseherblay.fr\\\/index.php\\\/servir\\\/\"},{\"@type\":\"ListItem\",\"position\":3,\"name\":\"Service du fr\u00e8re\",\"item\":\"https:\\\/\\\/paroisseherblay.fr\\\/index.php\\\/servir\\\/service-du-frere\\\/\"},{\"@type\":\"ListItem\",\"position\":4,\"name\":\"Foi et lumi\u00e8re\"}]},{\"@type\":\"WebSite\",\"@id\":\"https:\\\/\\\/paroisseherblay.fr\\\/#website\",\"url\":\"https:\\\/\\\/paroisseherblay.fr\\\/\",\"name\":\"Paroisse d'Herblay\",\"description\":\"\",\"publisher\":{\"@id\":\"https:\\\/\\\/paroisseherblay.fr\\\/#organization\"},\"alternateName\":\"ParoisseHerblay\",\"potentialAction\":[{\"@type\":\"SearchAction\",\"target\":{\"@type\":\"EntryPoint\",\"urlTemplate\":\"https:\\\/\\\/paroisseherblay.fr\\\/?s={search_term_string}\"},\"query-input\":{\"@type\":\"PropertyValueSpecification\",\"valueRequired\":true,\"valueName\":\"search_term_string\"}}],\"inLanguage\":\"fr-FR\"},{\"@type\":\"Organization\",\"@id\":\"https:\\\/\\\/paroisseherblay.fr\\\/#organization\",\"name\":\"Paroisse d'Herblay\",\"url\":\"https:\\\/\\\/paroisseherblay.fr\\\/\",\"logo\":{\"@type\":\"ImageObject\",\"inLanguage\":\"fr-FR\",\"@id\":\"https:\\\/\\\/paroisseherblay.fr\\\/#\\\/schema\\\/logo\\\/image\\\/\",\"url\":\"https:\\\/\\\/paroisseherblay.fr\\\/wp-content\\\/uploads\\\/2023\\\/10\\\/logo_paroisse.png\",\"contentUrl\":\"https:\\\/\\\/paroisseherblay.fr\\\/wp-content\\\/uploads\\\/2023\\\/10\\\/logo_paroisse.png\",\"width\":200,\"height\":207,\"caption\":\"Paroisse d'Herblay\"},\"image\":{\"@id\":\"https:\\\/\\\/paroisseherblay.fr\\\/#\\\/schema\\\/logo\\\/image\\\/\"},\"sameAs\":[\"https:\\\/\\\/www.facebook.com\\\/paroisse.dherblay\",\"https:\\\/\\\/www.youtube.com\\\/@paroisseherblay\",\"https:\\\/\\\/www.instagram.com\\\/paroisse.herblay\"]}]}<\/script>\n<!-- \/ Yoast SEO plugin. -->","yoast_head_json":{"title":"Foi et lumi\u00e8re - Paroisse d&#039;Herblay-sur-Seine","robots":{"index":"index","follow":"follow","max-snippet":"max-snippet:-1","max-image-preview":"max-image-preview:large","max-video-preview":"max-video-preview:-1"},"canonical":"https:\/\/paroisseherblay.fr\/index.php\/servir\/service-du-frere\/foi-et-lumiere\/","og_locale":"fr_FR","og_type":"article","og_title":"Foi et lumi\u00e8re - Paroisse d&#039;Herblay-sur-Seine","og_description":"Foi et Lumi\u00e8re est un mouvement d\u2019Eglise qui s\u2019adresse \u00e0 des personnes porteuses d\u2019un...","og_url":"https:\/\/paroisseherblay.fr\/index.php\/servir\/service-du-frere\/foi-et-lumiere\/","og_site_name":"Paroisse d&#039;Herblay-sur-Seine","article_publisher":"https:\/\/www.facebook.com\/paroisse.dherblay","article_modified_time":"2023-11-03T10:32:33+00:00","og_image":[{"url":"https:\/\/paroisseherblay.fr\/wp-content\/uploads\/2023\/11\/image-3.png","type":"","width":"","height":""}],"twitter_card":"summary_large_image","twitter_misc":{"Dur\u00e9e de lecture estim\u00e9e":"3 minutes"},"schema":{"@context":"https:\/\/schema.org","@graph":[{"@type":"WebPage","@id":"https:\/\/paroisseherblay.fr\/index.php\/servir\/service-du-frere\/foi-et-lumiere\/","url":"https:\/\/paroisseherblay.fr\/index.php\/servir\/service-du-frere\/foi-et-lumiere\/","name":"Foi et lumi\u00e8re - Paroisse d&#039;Herblay-sur-Seine","isPartOf":{"@id":"https:\/\/paroisseherblay.fr\/#website"},"primaryImageOfPage":{"@id":"https:\/\/paroisseherblay.fr\/index.php\/servir\/service-du-frere\/foi-et-lumiere\/#primaryimage"},"image":{"@id":"https:\/\/paroisseherblay.fr\/index.php\/servir\/service-du-frere\/foi-et-lumiere\/#primaryimage"},"thumbnailUrl":"https:\/\/paroisseherblay.fr\/wp-content\/uploads\/2023\/11\/image-3.png","datePublished":"2023-11-01T18:49:24+00:00","dateModified":"2023-11-03T10:32:33+00:00","breadcrumb":{"@id":"https:\/\/paroisseherblay.fr\/index.php\/servir\/service-du-frere\/foi-et-lumiere\/#breadcrumb"},"inLanguage":"fr-FR","potentialAction":[{"@type":"ReadAction","target":["https:\/\/paroisseherblay.fr\/index.php\/servir\/service-du-frere\/foi-et-lumiere\/"]}]},{"@type":"ImageObject","inLanguage":"fr-FR","@id":"https:\/\/paroisseherblay.fr\/index.php\/servir\/service-du-frere\/foi-et-lumiere\/#primaryimage","url":"https:\/\/paroisseherblay.fr\/wp-content\/uploads\/2023\/11\/image-3.png","contentUrl":"https:\/\/paroisseherblay.fr\/wp-content\/uploads\/2023\/11\/image-3.png","width":223,"height":226},{"@type":"BreadcrumbList","@id":"https:\/\/paroisseherblay.fr\/index.php\/servir\/service-du-frere\/foi-et-lumiere\/#breadcrumb","itemListElement":[{"@type":"ListItem","position":1,"name":"Home","item":"https:\/\/paroisseherblay.fr\/"},{"@type":"ListItem","position":2,"name":"Servir","item":"https:\/\/paroisseherblay.fr\/index.php\/servir\/"},{"@type":"ListItem","position":3,"name":"Service du fr\u00e8re","item":"https:\/\/paroisseherblay.fr\/index.php\/servir\/service-du-frere\/"},{"@type":"ListItem","position":4,"name":"Foi et lumi\u00e8re"}]},{"@type":"WebSite","@id":"https:\/\/paroisseherblay.fr\/#website","url":"https:\/\/paroisseherblay.fr\/","name":"Paroisse d'Herblay","description":"","publisher":{"@id":"https:\/\/paroisseherblay.fr\/#organization"},"alternateName":"ParoisseHerblay","potentialAction":[{"@type":"SearchAction","target":{"@type":"EntryPoint","urlTemplate":"https:\/\/paroisseherblay.fr\/?s={search_term_string}"},"query-input":{"@type":"PropertyValueSpecification","valueRequired":true,"valueName":"search_term_string"}}],"inLanguage":"fr-FR"},{"@type":"Organization","@id":"https:\/\/paroisseherblay.fr\/#organization","name":"Paroisse d'Herblay","url":"https:\/\/paroisseherblay.fr\/","logo":{"@type":"ImageObject","inLanguage":"fr-FR","@id":"https:\/\/paroisseherblay.fr\/#\/schema\/logo\/image\/","url":"https:\/\/paroisseherblay.fr\/wp-content\/uploads\/2023\/10\/logo_paroisse.png","contentUrl":"https:\/\/paroisseherblay.fr\/wp-content\/uploads\/2023\/10\/logo_paroisse.png","width":200,"height":207,"caption":"Paroisse d'Herblay"},"image":{"@id":"https:\/\/paroisseherblay.fr\/#\/schema\/logo\/image\/"},"sameAs":["https:\/\/www.facebook.com\/paroisse.dherblay","https:\/\/www.youtube.com\/@paroisseherblay","https:\/\/www.instagram.com\/paroisse.herblay"]}]}},"_links":{"self":[{"href":"https:\/\/paroisseherblay.fr\/index.php\/wp-json\/wp\/v2\/pages\/872","targetHints":{"allow":["GET"]}}],"collection":[{"href":"https:\/\/paroisseherblay.fr\/index.php\/wp-json\/wp\/v2\/pages"}],"about":[{"href":"https:\/\/paroisseherblay.fr\/index.php\/wp-json\/wp\/v2\/types\/page"}],"author":[{"embeddable":true,"href":"https:\/\/paroisseherblay.fr\/index.php\/wp-json\/wp\/v2\/users\/2"}],"replies":[{"embeddable":true,"href":"https:\/\/paroisseherblay.fr\/index.php\/wp-json\/wp\/v2\/comments?post=872"}],"version-history":[{"count":3,"href":"https:\/\/paroisseherblay.fr\/index.php\/wp-json\/wp\/v2\/pages\/872\/revisions"}],"predecessor-version":[{"id":922,"href":"https:\/\/paroisseherblay.fr\/index.php\/wp-json\/wp\/v2\/pages\/872\/revisions\/922"}],"up":[{"embeddable":true,"href":"https:\/\/paroisseherblay.fr\/index.php\/wp-json\/wp\/v2\/pages\/499"}],"wp:attachment":[{"href":"https:\/\/paroisseherblay.fr\/index.php\/wp-json\/wp\/v2\/media?parent=872"}],"curies":[{"name":"wp","href":"https:\/\/api.w.org\/{rel}","templated":true}]}}